{"id":1005,"date":"2025-11-06T13:35:15","date_gmt":"2025-11-06T12:35:15","guid":{"rendered":"https:\/\/bcuplock.pl\/?page_id=1005"},"modified":"2026-02-24T01:08:38","modified_gmt":"2026-02-24T00:08:38","slug":"oferta","status":"publish","type":"page","link":"https:\/\/bcuplock.pl\/?page_id=1005","title":{"rendered":"OFERTA"},"content":{"rendered":"<div class=\"breadcrumbs align  wp-block-bcn-breadcrumb-trail has-text-color has-background\" vocab=\"https:\/\/schema.org\/\" typeof=\"BreadcrumbList\">\n\t<span><\/span>\n\t<span property=\"itemListElement\" typeof=\"ListItem\"><a property=\"item\" typeof=\"WebPage\" title=\"Przejd\u017a do Bran\u017cowe Centrum Umiej\u0119tno\u015bci w dziedzinie Przemys\u0142 petrochemiczny.\" href=\"https:\/\/bcuplock.pl\" class=\"home\" aria-current=\"page\"><span property=\"name\">Strona g\u0142\u00f3wna<\/span><\/a><meta property=\"position\" content=\"1\"><\/span><\/div>\n\n\n\n<h2 class=\"wp-block-heading\">Oferta<\/h2>\n\n\n\n<div class=\"wp-block-media-text is-stacked-on-mobile has-border-color\" style=\"border-color:#b9b9b9;border-width:1px\"><figure class=\"wp-block-media-text__media\"><img fetchpriority=\"high\" decoding=\"async\" width=\"1024\" height=\"640\" src=\"https:\/\/bcuplock.pl\/wp-content\/uploads\/2025\/11\/Szkolenia-1024x640.png\" alt=\"\" class=\"wp-image-1162 size-full\" srcset=\"https:\/\/bcuplock.pl\/wp-content\/uploads\/2025\/11\/Szkolenia-1024x640.png 1024w, https:\/\/bcuplock.pl\/wp-content\/uploads\/2025\/11\/Szkolenia-300x188.png 300w, https:\/\/bcuplock.pl\/wp-content\/uploads\/2025\/11\/Szkolenia-768x480.png 768w, https:\/\/bcuplock.pl\/wp-content\/uploads\/2025\/11\/Szkolenia-1536x960.png 1536w, https:\/\/bcuplock.pl\/wp-content\/uploads\/2025\/11\/Szkolenia.png 1920w\" sizes=\"(max-width: 1024px) 100vw, 1024px\" \/><\/figure><div class=\"wp-block-media-text__content\">\n<h2 class=\"wp-block-heading\">Szkolenia<\/h2>\n\n\n\n<p>Zapraszamy do zapoznania si\u0119 z nasz\u0105 ofert\u0105 szkoleniow\u0105, dzi\u0119ki kt\u00f3rej zdob\u0119dziesz nowe umiej\u0119tno\u015bci i rozwiniesz kwalifikacje. Oferujemy praktyczne kursy dopasowane do Twoich potrzeb \u2013 inwestuj w siebie i otw\u00f3rz drzwi do sukcesu zawodowego ju\u017c dzi\u015b!<\/p>\n\n\n\n<div class=\"wp-block-buttons is-content-justification-right is-layout-flex wp-container-core-buttons-is-layout-765c4724 wp-block-buttons-is-layout-flex\">\n<div class=\"wp-block-button\"><a class=\"wp-block-button__link has-background wp-element-button\" href=\"https:\/\/bcuplock.pl\/?page_id=1007\" style=\"background-color:#c6351f\">Wi\u0119cej<\/a><\/div>\n<\/div>\n<\/div><\/div>\n\n\n\n<div class=\"wp-block-media-text has-media-on-the-right is-stacked-on-mobile has-border-color\" style=\"border-color:#b9b9b9;border-width:1px\"><div class=\"wp-block-media-text__content\">\n<h2 class=\"wp-block-heading\">Szkolenia online<\/h2>\n\n\n\n<p>Odkryj potencja\u0142 nowoczesnej edukacji, bior\u0105c udzia\u0142 w profesjonalnych kursach zawodowych i szkoleniach online z zakresu przemys\u0142u petrochemicznego. Rozwijaj kluczowe kompetencje cyfrowe i bran\u017cowe pod okiem lider\u00f3w rynku, korzystaj\u0105c z programu wsp\u00f3\u0142tworzonego przez biznes i nauk\u0119.\u00a0<\/p>\n\n\n\n<div class=\"wp-block-buttons is-layout-flex wp-block-buttons-is-layout-flex\">\n<div class=\"wp-block-button\"><a class=\"wp-block-button__link has-background wp-element-button\" style=\"background-color:#c6351f\">Wi\u0119cej<\/a><\/div>\n<\/div>\n<\/div><figure class=\"wp-block-media-text__media\"><img decoding=\"async\" width=\"1024\" height=\"640\" src=\"https:\/\/bcuplock.pl\/wp-content\/uploads\/2026\/02\/elearning-1024x640.jpg\" alt=\"\" class=\"wp-image-1394 size-full\" srcset=\"https:\/\/bcuplock.pl\/wp-content\/uploads\/2026\/02\/elearning-1024x640.jpg 1024w, https:\/\/bcuplock.pl\/wp-content\/uploads\/2026\/02\/elearning-300x188.jpg 300w, https:\/\/bcuplock.pl\/wp-content\/uploads\/2026\/02\/elearning-768x480.jpg 768w, https:\/\/bcuplock.pl\/wp-content\/uploads\/2026\/02\/elearning-1536x960.jpg 1536w, https:\/\/bcuplock.pl\/wp-content\/uploads\/2026\/02\/elearning.jpg 1920w\" sizes=\"(max-width: 1024px) 100vw, 1024px\" \/><\/figure><\/div>\n\n\n\n<div class=\"wp-block-media-text is-stacked-on-mobile has-border-color\" style=\"border-color:#b9b9b9;border-width:1px\"><figure class=\"wp-block-media-text__media\"><img decoding=\"async\" width=\"1024\" height=\"640\" src=\"https:\/\/bcuplock.pl\/wp-content\/uploads\/2026\/02\/turnus-1024x640.jpg\" alt=\"\" class=\"wp-image-1389 size-full\" srcset=\"https:\/\/bcuplock.pl\/wp-content\/uploads\/2026\/02\/turnus-1024x640.jpg 1024w, https:\/\/bcuplock.pl\/wp-content\/uploads\/2026\/02\/turnus-300x188.jpg 300w, https:\/\/bcuplock.pl\/wp-content\/uploads\/2026\/02\/turnus-768x480.jpg 768w, https:\/\/bcuplock.pl\/wp-content\/uploads\/2026\/02\/turnus-1536x960.jpg 1536w, https:\/\/bcuplock.pl\/wp-content\/uploads\/2026\/02\/turnus.jpg 1920w\" sizes=\"(max-width: 1024px) 100vw, 1024px\" \/><\/figure><div class=\"wp-block-media-text__content\">\n<h2 class=\"wp-block-heading\">Turnusy dokszta\u0142cania teoretycznego m\u0142odocianych pracownik\u00f3w<\/h2>\n\n\n\n<p>Zapraszamy m\u0142odocianych pracownik\u00f3w na 4-tygodniowe turnusy dokszta\u0142cania w dziedzinie przemys\u0142u petrochemicznego. Program obejmuje 140 godzin zaj\u0119\u0107 z zakresu nowoczesnych technologii, automatyki i bezpiecze\u0144stwa procesowego. <\/p>\n\n\n\n<div class=\"wp-block-buttons is-content-justification-right is-layout-flex wp-container-core-buttons-is-layout-765c4724 wp-block-buttons-is-layout-flex\">\n<div class=\"wp-block-button\"><a class=\"wp-block-button__link has-background wp-element-button\" href=\"https:\/\/bcuplock.pl\/?page_id=1333\" style=\"background-color:#c6351f\">Wi\u0119cej<\/a><\/div>\n<\/div>\n<\/div><\/div>\n\n\n\n<p><\/p>\n\n\n\n<p><\/p>\n","protected":false},"excerpt":{"rendered":"<p>Oferta<\/p>\n","protected":false},"author":1,"featured_media":0,"parent":0,"menu_order":0,"comment_status":"closed","ping_status":"closed","template":"","meta":{"_kadence_starter_templates_imported_post":false,"_kad_post_transparent":"","_kad_post_title":"","_kad_post_layout":"","_kad_post_sidebar_id":"","_kad_post_content_style":"","_kad_post_vertical_padding":"","_kad_post_feature":"","_kad_post_feature_position":"","_kad_post_header":false,"_kad_post_footer":false,"_kad_post_classname":"","footnotes":""},"class_list":["post-1005","page","type-page","status-publish","hentry"],"yoast_head":"<!-- This site is optimized with the Yoast SEO plugin v27.0 - https:\/\/yoast.com\/product\/yoast-seo-wordpress\/ -->\n<title>OFERTA - Bran\u017cowe Centrum Umiej\u0119tno\u015bci w dziedzinie Przemys\u0142 petrochemiczny<\/title>\n<meta name=\"robots\" content=\"index, follow, max-snippet:-1, max-image-preview:large, max-video-preview:-1\" \/>\n<link rel=\"canonical\" href=\"https:\/\/bcuplock.pl\/?page_id=1005\" \/>\n<meta property=\"og:locale\" content=\"pl_PL\" \/>\n<meta property=\"og:type\" content=\"article\" \/>\n<meta property=\"og:title\" content=\"OFERTA - Bran\u017cowe Centrum Umiej\u0119tno\u015bci w dziedzinie Przemys\u0142 petrochemiczny\" \/>\n<meta property=\"og:description\" content=\"Oferta\" \/>\n<meta property=\"og:url\" content=\"https:\/\/bcuplock.pl\/?page_id=1005\" \/>\n<meta property=\"og:site_name\" content=\"Bran\u017cowe Centrum Umiej\u0119tno\u015bci w dziedzinie Przemys\u0142 petrochemiczny\" \/>\n<meta property=\"article:modified_time\" content=\"2026-02-24T00:08:38+00:00\" \/>\n<meta property=\"og:image\" content=\"https:\/\/bcuplock.pl\/wp-content\/uploads\/2025\/11\/Szkolenia-1024x640.png\" \/>\n\t<meta property=\"og:image:width\" content=\"1024\" \/>\n\t<meta property=\"og:image:height\" content=\"640\" \/>\n\t<meta property=\"og:image:type\" content=\"image\/png\" \/>\n<meta name=\"twitter:card\" content=\"summary_large_image\" \/>\n<meta name=\"twitter:label1\" content=\"Szacowany czas czytania\" \/>\n\t<meta name=\"twitter:data1\" content=\"2 minuty\" \/>\n<script type=\"application\/ld+json\" class=\"yoast-schema-graph\">{\"@context\":\"https:\/\/schema.org\",\"@graph\":[{\"@type\":\"WebPage\",\"@id\":\"https:\/\/bcuplock.pl\/?page_id=1005\",\"url\":\"https:\/\/bcuplock.pl\/?page_id=1005\",\"name\":\"OFERTA - Bran\u017cowe Centrum Umiej\u0119tno\u015bci w dziedzinie Przemys\u0142 petrochemiczny\",\"isPartOf\":{\"@id\":\"https:\/\/bcuplock.pl\/#website\"},\"primaryImageOfPage\":{\"@id\":\"https:\/\/bcuplock.pl\/?page_id=1005#primaryimage\"},\"image\":{\"@id\":\"https:\/\/bcuplock.pl\/?page_id=1005#primaryimage\"},\"thumbnailUrl\":\"https:\/\/bcuplock.pl\/wp-content\/uploads\/2025\/11\/Szkolenia-1024x640.png\",\"datePublished\":\"2025-11-06T12:35:15+00:00\",\"dateModified\":\"2026-02-24T00:08:38+00:00\",\"breadcrumb\":{\"@id\":\"https:\/\/bcuplock.pl\/?page_id=1005#breadcrumb\"},\"inLanguage\":\"pl-PL\",\"potentialAction\":[{\"@type\":\"ReadAction\",\"target\":[\"https:\/\/bcuplock.pl\/?page_id=1005\"]}]},{\"@type\":\"ImageObject\",\"inLanguage\":\"pl-PL\",\"@id\":\"https:\/\/bcuplock.pl\/?page_id=1005#primaryimage\",\"url\":\"https:\/\/bcuplock.pl\/wp-content\/uploads\/2025\/11\/Szkolenia.png\",\"contentUrl\":\"https:\/\/bcuplock.pl\/wp-content\/uploads\/2025\/11\/Szkolenia.png\",\"width\":1920,\"height\":1200},{\"@type\":\"BreadcrumbList\",\"@id\":\"https:\/\/bcuplock.pl\/?page_id=1005#breadcrumb\",\"itemListElement\":[{\"@type\":\"ListItem\",\"position\":1,\"name\":\"Strona g\u0142\u00f3wna\",\"item\":\"https:\/\/bcuplock.pl\/\"},{\"@type\":\"ListItem\",\"position\":2,\"name\":\"OFERTA\"}]},{\"@type\":\"WebSite\",\"@id\":\"https:\/\/bcuplock.pl\/#website\",\"url\":\"https:\/\/bcuplock.pl\/\",\"name\":\"Bran\u017cowe Centrum Umiej\u0119tno\u015bci dla bran\u017cy petrochemicznej w P\u0142ocku\",\"description\":\"BCU P\u0142ock\",\"publisher\":{\"@id\":\"https:\/\/bcuplock.pl\/#organization\"},\"potentialAction\":[{\"@type\":\"SearchAction\",\"target\":{\"@type\":\"EntryPoint\",\"urlTemplate\":\"https:\/\/bcuplock.pl\/?s={search_term_string}\"},\"query-input\":{\"@type\":\"PropertyValueSpecification\",\"valueRequired\":true,\"valueName\":\"search_term_string\"}}],\"inLanguage\":\"pl-PL\"},{\"@type\":\"Organization\",\"@id\":\"https:\/\/bcuplock.pl\/#organization\",\"name\":\"Bran\u017cowe Centrum Umiej\u0119tno\u015bci dla bran\u017cy petrochemicznej w P\u0142ocku\",\"url\":\"https:\/\/bcuplock.pl\/\",\"logo\":{\"@type\":\"ImageObject\",\"inLanguage\":\"pl-PL\",\"@id\":\"https:\/\/bcuplock.pl\/#\/schema\/logo\/image\/\",\"url\":\"https:\/\/bcuplock.pl\/wp-content\/uploads\/2025\/09\/BCU_logo_v11.png\",\"contentUrl\":\"https:\/\/bcuplock.pl\/wp-content\/uploads\/2025\/09\/BCU_logo_v11.png\",\"width\":2062,\"height\":769,\"caption\":\"Bran\u017cowe Centrum Umiej\u0119tno\u015bci dla bran\u017cy petrochemicznej w P\u0142ocku\"},\"image\":{\"@id\":\"https:\/\/bcuplock.pl\/#\/schema\/logo\/image\/\"}}]}<\/script>\n<!-- \/ Yoast SEO plugin. -->","yoast_head_json":{"title":"OFERTA - Bran\u017cowe Centrum Umiej\u0119tno\u015bci w dziedzinie Przemys\u0142 petrochemiczny","robots":{"index":"index","follow":"follow","max-snippet":"max-snippet:-1","max-image-preview":"max-image-preview:large","max-video-preview":"max-video-preview:-1"},"canonical":"https:\/\/bcuplock.pl\/?page_id=1005","og_locale":"pl_PL","og_type":"article","og_title":"OFERTA - Bran\u017cowe Centrum Umiej\u0119tno\u015bci w dziedzinie Przemys\u0142 petrochemiczny","og_description":"Oferta","og_url":"https:\/\/bcuplock.pl\/?page_id=1005","og_site_name":"Bran\u017cowe Centrum Umiej\u0119tno\u015bci w dziedzinie Przemys\u0142 petrochemiczny","article_modified_time":"2026-02-24T00:08:38+00:00","og_image":[{"width":1024,"height":640,"url":"https:\/\/bcuplock.pl\/wp-content\/uploads\/2025\/11\/Szkolenia-1024x640.png","type":"image\/png"}],"twitter_card":"summary_large_image","twitter_misc":{"Szacowany czas czytania":"2 minuty"},"schema":{"@context":"https:\/\/schema.org","@graph":[{"@type":"WebPage","@id":"https:\/\/bcuplock.pl\/?page_id=1005","url":"https:\/\/bcuplock.pl\/?page_id=1005","name":"OFERTA - Bran\u017cowe Centrum Umiej\u0119tno\u015bci w dziedzinie Przemys\u0142 petrochemiczny","isPartOf":{"@id":"https:\/\/bcuplock.pl\/#website"},"primaryImageOfPage":{"@id":"https:\/\/bcuplock.pl\/?page_id=1005#primaryimage"},"image":{"@id":"https:\/\/bcuplock.pl\/?page_id=1005#primaryimage"},"thumbnailUrl":"https:\/\/bcuplock.pl\/wp-content\/uploads\/2025\/11\/Szkolenia-1024x640.png","datePublished":"2025-11-06T12:35:15+00:00","dateModified":"2026-02-24T00:08:38+00:00","breadcrumb":{"@id":"https:\/\/bcuplock.pl\/?page_id=1005#breadcrumb"},"inLanguage":"pl-PL","potentialAction":[{"@type":"ReadAction","target":["https:\/\/bcuplock.pl\/?page_id=1005"]}]},{"@type":"ImageObject","inLanguage":"pl-PL","@id":"https:\/\/bcuplock.pl\/?page_id=1005#primaryimage","url":"https:\/\/bcuplock.pl\/wp-content\/uploads\/2025\/11\/Szkolenia.png","contentUrl":"https:\/\/bcuplock.pl\/wp-content\/uploads\/2025\/11\/Szkolenia.png","width":1920,"height":1200},{"@type":"BreadcrumbList","@id":"https:\/\/bcuplock.pl\/?page_id=1005#breadcrumb","itemListElement":[{"@type":"ListItem","position":1,"name":"Strona g\u0142\u00f3wna","item":"https:\/\/bcuplock.pl\/"},{"@type":"ListItem","position":2,"name":"OFERTA"}]},{"@type":"WebSite","@id":"https:\/\/bcuplock.pl\/#website","url":"https:\/\/bcuplock.pl\/","name":"Bran\u017cowe Centrum Umiej\u0119tno\u015bci dla bran\u017cy petrochemicznej w P\u0142ocku","description":"BCU P\u0142ock","publisher":{"@id":"https:\/\/bcuplock.pl\/#organization"},"potentialAction":[{"@type":"SearchAction","target":{"@type":"EntryPoint","urlTemplate":"https:\/\/bcuplock.pl\/?s={search_term_string}"},"query-input":{"@type":"PropertyValueSpecification","valueRequired":true,"valueName":"search_term_string"}}],"inLanguage":"pl-PL"},{"@type":"Organization","@id":"https:\/\/bcuplock.pl\/#organization","name":"Bran\u017cowe Centrum Umiej\u0119tno\u015bci dla bran\u017cy petrochemicznej w P\u0142ocku","url":"https:\/\/bcuplock.pl\/","logo":{"@type":"ImageObject","inLanguage":"pl-PL","@id":"https:\/\/bcuplock.pl\/#\/schema\/logo\/image\/","url":"https:\/\/bcuplock.pl\/wp-content\/uploads\/2025\/09\/BCU_logo_v11.png","contentUrl":"https:\/\/bcuplock.pl\/wp-content\/uploads\/2025\/09\/BCU_logo_v11.png","width":2062,"height":769,"caption":"Bran\u017cowe Centrum Umiej\u0119tno\u015bci dla bran\u017cy petrochemicznej w P\u0142ocku"},"image":{"@id":"https:\/\/bcuplock.pl\/#\/schema\/logo\/image\/"}}]}},"_links":{"self":[{"href":"https:\/\/bcuplock.pl\/index.php?rest_route=\/wp\/v2\/pages\/1005","targetHints":{"allow":["GET"]}}],"collection":[{"href":"https:\/\/bcuplock.pl\/index.php?rest_route=\/wp\/v2\/pages"}],"about":[{"href":"https:\/\/bcuplock.pl\/index.php?rest_route=\/wp\/v2\/types\/page"}],"author":[{"embeddable":true,"href":"https:\/\/bcuplock.pl\/index.php?rest_route=\/wp\/v2\/users\/1"}],"replies":[{"embeddable":true,"href":"https:\/\/bcuplock.pl\/index.php?rest_route=%2Fwp%2Fv2%2Fcomments&post=1005"}],"version-history":[{"count":9,"href":"https:\/\/bcuplock.pl\/index.php?rest_route=\/wp\/v2\/pages\/1005\/revisions"}],"predecessor-version":[{"id":1395,"href":"https:\/\/bcuplock.pl\/index.php?rest_route=\/wp\/v2\/pages\/1005\/revisions\/1395"}],"wp:attachment":[{"href":"https:\/\/bcuplock.pl\/index.php?rest_route=%2Fwp%2Fv2%2Fmedia&parent=1005"}],"curies":[{"name":"wp","href":"https:\/\/api.w.org\/{rel}","templated":true}]}}