{"id":1040,"date":"2025-11-06T15:39:54","date_gmt":"2025-11-06T14:39:54","guid":{"rendered":"https:\/\/bcuplock.pl\/?page_id=1040"},"modified":"2025-11-06T19:00:55","modified_gmt":"2025-11-06T18:00:55","slug":"obowiazujace-przepisy-udt-szkolenie-48-godzinne","status":"publish","type":"page","link":"https:\/\/bcuplock.pl\/?page_id=1040","title":{"rendered":"Obowi\u0105zuj\u0105ce przepisy UDT \u2013 szkolenie 48-godzinne"},"content":{"rendered":"<div class=\"breadcrumbs align  wp-block-bcn-breadcrumb-trail has-text-color has-background\" vocab=\"https:\/\/schema.org\/\" typeof=\"BreadcrumbList\">\n\t<span><\/span>\n\t<span property=\"itemListElement\" typeof=\"ListItem\"><a property=\"item\" typeof=\"WebPage\" title=\"Przejd\u017a do Bran\u017cowe Centrum Umiej\u0119tno\u015bci w dziedzinie Przemys\u0142 petrochemiczny.\" href=\"https:\/\/bcuplock.pl\" class=\"home\" aria-current=\"page\"><span property=\"name\">Strona g\u0142\u00f3wna<\/span><\/a><meta property=\"position\" content=\"1\"><\/span><\/div>\n\n\n\n<h2 class=\"wp-block-heading\"><strong>Obowi\u0105zuj\u0105ce przepisy UDT \u2013 szkolenie 48-godzinne<\/strong><\/h2>\n\n\n\n<p>Obowi\u0105zuj\u0105ce przepisy Urz\u0119du Dozoru Technicznego (UDT) to praktyczne szkolenie, kt\u00f3re kompleksowo przygotuje Ci\u0119 do pracy zgodnej z najnowszymi wymaganiami Urz\u0119du Dozoru Technicznego. W ci\u0105gu 48 godzin lekcyjnych zdob\u0119dziesz aktualn\u0105 wiedz\u0119 prawn\u0105 i techniczn\u0105 oraz umiej\u0119tno\u015bci, dzi\u0119ki kt\u00f3rym bezpiecznie i zgodnie z przepisami b\u0119dziesz eksploatowa\u0107, naprawia\u0107, modernizowa\u0107, a nawet wytwarza\u0107 urz\u0105dzenia techniczne.<\/p>\n\n\n<div class=\"wp-block-image\">\n<figure class=\"aligncenter size-large\"><img fetchpriority=\"high\" decoding=\"async\" width=\"1024\" height=\"640\" src=\"https:\/\/bcuplock.pl\/wp-content\/uploads\/2025\/11\/UDT-1-1024x640.png\" alt=\"\" class=\"wp-image-1019\" srcset=\"https:\/\/bcuplock.pl\/wp-content\/uploads\/2025\/11\/UDT-1-1024x640.png 1024w, https:\/\/bcuplock.pl\/wp-content\/uploads\/2025\/11\/UDT-1-300x188.png 300w, https:\/\/bcuplock.pl\/wp-content\/uploads\/2025\/11\/UDT-1-768x480.png 768w, https:\/\/bcuplock.pl\/wp-content\/uploads\/2025\/11\/UDT-1-1536x960.png 1536w, https:\/\/bcuplock.pl\/wp-content\/uploads\/2025\/11\/UDT-1.png 1920w\" sizes=\"(max-width: 1024px) 100vw, 1024px\" \/><\/figure>\n<\/div>\n\n\n<p><strong>Czego nauczysz si\u0119 na szkoleniu:<\/strong><\/p>\n\n\n\n<ul class=\"wp-block-list\">\n<li>Poznasz aktualne przepisy ustawy o dozorze technicznym oraz powi\u0105zane akty wykonawcze. Dowiesz si\u0119, jakie wymagania prawne obowi\u0105zuj\u0105 przy eksploatacji urz\u0105dze\u0144 technicznych.<\/li>\n\n\n\n<li>Zdob\u0119dziesz wiedz\u0119 o zasadach bezpiecznej eksploatacji, napraw, modernizacji i wytwarzania urz\u0105dze\u0144 podlegaj\u0105cych dozorowi technicznemu zgodnie z obowi\u0105zuj\u0105cymi normami.<\/li>\n\n\n\n<li>Zrozumiesz, jak funkcjonuje system dozoru technicznego w Polsce, w tym rol\u0119 i zadania inspektora UDT oraz r\u00f3\u017cne formy dozoru technicznego.<\/li>\n\n\n\n<li>Przeanalizujesz, w jaki spos\u00f3b polskie regulacje techniczne powi\u0105zane s\u0105 z przepisami Unii Europejskiej (m.in. dyrektywy PED i SPVD).<\/li>\n<\/ul>\n\n\n\n<p><strong>Jakie kompetencje i umiej\u0119tno\u015bci zdob\u0119dziesz:<\/strong><\/p>\n\n\n\n<ul class=\"wp-block-list\">\n<li>Nauczysz si\u0119 analizowa\u0107 dokumentacj\u0119 techniczn\u0105 i prawn\u0105 zwi\u0105zan\u0105 z dozorem technicznym \u2013 od norm i dyrektyw po protoko\u0142y z inspekcji.<\/li>\n\n\n\n<li>B\u0119dziesz potrafi\u0142 rozr\u00f3\u017cni\u0107 obowi\u0105zki prawne wytw\u00f3rcy a u\u017cytkownika urz\u0105dze\u0144 obj\u0119tych dozorem, co u\u0142atwi poprawne spe\u0142nienie wymaga\u0144 UDT.<\/li>\n\n\n\n<li>Zrozumiesz kategorie dozoru technicznego (np. pe\u0142ny, ograniczony) i przygotujesz si\u0119 do efektywnej wsp\u00f3\u0142pracy z inspektorami UDT podczas odbior\u00f3w i kontroli.<\/li>\n\n\n\n<li>Nauczysz si\u0119 identyfikowa\u0107 kluczowe obowi\u0105zki prawne w codziennej eksploatacji oraz przy przegl\u0105dach i remontach urz\u0105dze\u0144, co pomo\u017ce w zapewnieniu bezpiecze\u0144stwa i zgodno\u015bci z przepisami.<\/li>\n<\/ul>\n\n\n\n<p><strong>Dla kogo jest to szkolenie:<\/strong><\/p>\n\n\n\n<p>Szkolenie adresowane jest do os\u00f3b pracuj\u0105cych lub przygotowuj\u0105cych si\u0119 do pracy przy eksploatacji, konserwacji i naprawach urz\u0105dze\u0144 technicznych. W szczeg\u00f3lno\u015bci skorzystaj\u0105 z niego operatorzy, mechanicy, technicy utrzymania ruchu oraz in\u017cynierowie nadzoru technicznego chc\u0105cy poszerzy\u0107 swoj\u0105 wiedz\u0119 z zakresu UDT i podnie\u015b\u0107 kwalifikacje zawodowe.<\/p>\n\n\n\n<p><strong>Organizacja szkolenia:<\/strong><\/p>\n\n\n\n<p>Czas trwania: 48 godzin lekcyjnych (intensywny program realizowany w ci\u0105gu kilku dni).<br>Forma zaj\u0119\u0107: stacjonarna \u2013 po\u0142\u0105czenie wyk\u0142ad\u00f3w teoretycznych z anga\u017cuj\u0105cymi \u0107wiczeniami praktycznymi. Dzi\u0119ki temu uczestnicy nie tylko poznaj\u0105 przepisy, ale tak\u017ce naucz\u0105 si\u0119 stosowa\u0107 je w praktyce, co sprzyja efektywnemu przyswojeniu wiedzy.<\/p>\n","protected":false},"excerpt":{"rendered":"<p>Obowi\u0105zuj\u0105ce przepisy UDT \u2013 szkolenie 48-godzinne Obowi\u0105zuj\u0105ce przepisy Urz\u0119du Dozoru Technicznego (UDT) to praktyczne szkolenie, kt\u00f3re kompleksowo przygotuje Ci\u0119 do pracy zgodnej z najnowszymi wymaganiami Urz\u0119du Dozoru Technicznego. W ci\u0105gu 48 godzin lekcyjnych zdob\u0119dziesz aktualn\u0105 wiedz\u0119 prawn\u0105 i techniczn\u0105 oraz umiej\u0119tno\u015bci, dzi\u0119ki kt\u00f3rym bezpiecznie i zgodnie z przepisami b\u0119dziesz eksploatowa\u0107, naprawia\u0107, modernizowa\u0107, a nawet wytwarza\u0107&#8230;<\/p>\n","protected":false},"author":1,"featured_media":0,"parent":1007,"menu_order":0,"comment_status":"closed","ping_status":"closed","template":"","meta":{"_kadence_starter_templates_imported_post":false,"_kad_post_transparent":"","_kad_post_title":"","_kad_post_layout":"narrow","_kad_post_sidebar_id":"","_kad_post_content_style":"","_kad_post_vertical_padding":"","_kad_post_feature":"","_kad_post_feature_position":"","_kad_post_header":false,"_kad_post_footer":false,"_kad_post_classname":"","footnotes":""},"class_list":["post-1040","page","type-page","status-publish","hentry"],"yoast_head":"<!-- This site is optimized with the Yoast SEO plugin v27.0 - https:\/\/yoast.com\/product\/yoast-seo-wordpress\/ -->\n<title>Obowi\u0105zuj\u0105ce przepisy UDT \u2013 szkolenie 48-godzinne - Bran\u017cowe Centrum Umiej\u0119tno\u015bci w dziedzinie Przemys\u0142 petrochemiczny<\/title>\n<meta name=\"robots\" content=\"index, follow, max-snippet:-1, max-image-preview:large, max-video-preview:-1\" \/>\n<link rel=\"canonical\" href=\"https:\/\/bcuplock.pl\/?page_id=1040\" \/>\n<meta property=\"og:locale\" content=\"pl_PL\" \/>\n<meta property=\"og:type\" content=\"article\" \/>\n<meta property=\"og:title\" content=\"Obowi\u0105zuj\u0105ce przepisy UDT \u2013 szkolenie 48-godzinne - Bran\u017cowe Centrum Umiej\u0119tno\u015bci w dziedzinie Przemys\u0142 petrochemiczny\" \/>\n<meta property=\"og:description\" content=\"Obowi\u0105zuj\u0105ce przepisy UDT \u2013 szkolenie 48-godzinne Obowi\u0105zuj\u0105ce przepisy Urz\u0119du Dozoru Technicznego (UDT) to praktyczne szkolenie, kt\u00f3re kompleksowo przygotuje Ci\u0119 do pracy zgodnej z najnowszymi wymaganiami Urz\u0119du Dozoru Technicznego. W ci\u0105gu 48 godzin lekcyjnych zdob\u0119dziesz aktualn\u0105 wiedz\u0119 prawn\u0105 i techniczn\u0105 oraz umiej\u0119tno\u015bci, dzi\u0119ki kt\u00f3rym bezpiecznie i zgodnie z przepisami b\u0119dziesz eksploatowa\u0107, naprawia\u0107, modernizowa\u0107, a nawet wytwarza\u0107...\" \/>\n<meta property=\"og:url\" content=\"https:\/\/bcuplock.pl\/?page_id=1040\" \/>\n<meta property=\"og:site_name\" content=\"Bran\u017cowe Centrum Umiej\u0119tno\u015bci w dziedzinie Przemys\u0142 petrochemiczny\" \/>\n<meta property=\"article:modified_time\" content=\"2025-11-06T18:00:55+00:00\" \/>\n<meta property=\"og:image\" content=\"https:\/\/bcuplock.pl\/wp-content\/uploads\/2025\/11\/UDT-1-1024x640.png\" \/>\n\t<meta property=\"og:image:width\" content=\"1024\" \/>\n\t<meta property=\"og:image:height\" content=\"640\" \/>\n\t<meta property=\"og:image:type\" content=\"image\/png\" \/>\n<meta name=\"twitter:card\" content=\"summary_large_image\" \/>\n<meta name=\"twitter:label1\" content=\"Szacowany czas czytania\" \/>\n\t<meta name=\"twitter:data1\" content=\"3 minuty\" \/>\n<script type=\"application\/ld+json\" class=\"yoast-schema-graph\">{\"@context\":\"https:\/\/schema.org\",\"@graph\":[{\"@type\":\"WebPage\",\"@id\":\"https:\/\/bcuplock.pl\/?page_id=1040\",\"url\":\"https:\/\/bcuplock.pl\/?page_id=1040\",\"name\":\"Obowi\u0105zuj\u0105ce przepisy UDT \u2013 szkolenie 48-godzinne - Bran\u017cowe Centrum Umiej\u0119tno\u015bci w dziedzinie Przemys\u0142 petrochemiczny\",\"isPartOf\":{\"@id\":\"https:\/\/bcuplock.pl\/#website\"},\"primaryImageOfPage\":{\"@id\":\"https:\/\/bcuplock.pl\/?page_id=1040#primaryimage\"},\"image\":{\"@id\":\"https:\/\/bcuplock.pl\/?page_id=1040#primaryimage\"},\"thumbnailUrl\":\"https:\/\/bcuplock.pl\/wp-content\/uploads\/2025\/11\/UDT-1-1024x640.png\",\"datePublished\":\"2025-11-06T14:39:54+00:00\",\"dateModified\":\"2025-11-06T18:00:55+00:00\",\"breadcrumb\":{\"@id\":\"https:\/\/bcuplock.pl\/?page_id=1040#breadcrumb\"},\"inLanguage\":\"pl-PL\",\"potentialAction\":[{\"@type\":\"ReadAction\",\"target\":[\"https:\/\/bcuplock.pl\/?page_id=1040\"]}]},{\"@type\":\"ImageObject\",\"inLanguage\":\"pl-PL\",\"@id\":\"https:\/\/bcuplock.pl\/?page_id=1040#primaryimage\",\"url\":\"https:\/\/bcuplock.pl\/wp-content\/uploads\/2025\/11\/UDT-1.png\",\"contentUrl\":\"https:\/\/bcuplock.pl\/wp-content\/uploads\/2025\/11\/UDT-1.png\",\"width\":1920,\"height\":1200},{\"@type\":\"BreadcrumbList\",\"@id\":\"https:\/\/bcuplock.pl\/?page_id=1040#breadcrumb\",\"itemListElement\":[{\"@type\":\"ListItem\",\"position\":1,\"name\":\"Strona g\u0142\u00f3wna\",\"item\":\"https:\/\/bcuplock.pl\/\"},{\"@type\":\"ListItem\",\"position\":2,\"name\":\"OFERTA\",\"item\":\"https:\/\/bcuplock.pl\/?page_id=1005\"},{\"@type\":\"ListItem\",\"position\":3,\"name\":\"Szkolenia\",\"item\":\"https:\/\/bcuplock.pl\/?page_id=1007\"},{\"@type\":\"ListItem\",\"position\":4,\"name\":\"Obowi\u0105zuj\u0105ce przepisy UDT \u2013 szkolenie 48-godzinne\"}]},{\"@type\":\"WebSite\",\"@id\":\"https:\/\/bcuplock.pl\/#website\",\"url\":\"https:\/\/bcuplock.pl\/\",\"name\":\"Bran\u017cowe Centrum Umiej\u0119tno\u015bci dla bran\u017cy petrochemicznej w P\u0142ocku\",\"description\":\"BCU P\u0142ock\",\"publisher\":{\"@id\":\"https:\/\/bcuplock.pl\/#organization\"},\"potentialAction\":[{\"@type\":\"SearchAction\",\"target\":{\"@type\":\"EntryPoint\",\"urlTemplate\":\"https:\/\/bcuplock.pl\/?s={search_term_string}\"},\"query-input\":{\"@type\":\"PropertyValueSpecification\",\"valueRequired\":true,\"valueName\":\"search_term_string\"}}],\"inLanguage\":\"pl-PL\"},{\"@type\":\"Organization\",\"@id\":\"https:\/\/bcuplock.pl\/#organization\",\"name\":\"Bran\u017cowe Centrum Umiej\u0119tno\u015bci dla bran\u017cy petrochemicznej w P\u0142ocku\",\"url\":\"https:\/\/bcuplock.pl\/\",\"logo\":{\"@type\":\"ImageObject\",\"inLanguage\":\"pl-PL\",\"@id\":\"https:\/\/bcuplock.pl\/#\/schema\/logo\/image\/\",\"url\":\"https:\/\/bcuplock.pl\/wp-content\/uploads\/2025\/09\/BCU_logo_v11.png\",\"contentUrl\":\"https:\/\/bcuplock.pl\/wp-content\/uploads\/2025\/09\/BCU_logo_v11.png\",\"width\":2062,\"height\":769,\"caption\":\"Bran\u017cowe Centrum Umiej\u0119tno\u015bci dla bran\u017cy petrochemicznej w P\u0142ocku\"},\"image\":{\"@id\":\"https:\/\/bcuplock.pl\/#\/schema\/logo\/image\/\"}}]}<\/script>\n<!-- \/ Yoast SEO plugin. -->","yoast_head_json":{"title":"Obowi\u0105zuj\u0105ce przepisy UDT \u2013 szkolenie 48-godzinne - Bran\u017cowe Centrum Umiej\u0119tno\u015bci w dziedzinie Przemys\u0142 petrochemiczny","robots":{"index":"index","follow":"follow","max-snippet":"max-snippet:-1","max-image-preview":"max-image-preview:large","max-video-preview":"max-video-preview:-1"},"canonical":"https:\/\/bcuplock.pl\/?page_id=1040","og_locale":"pl_PL","og_type":"article","og_title":"Obowi\u0105zuj\u0105ce przepisy UDT \u2013 szkolenie 48-godzinne - Bran\u017cowe Centrum Umiej\u0119tno\u015bci w dziedzinie Przemys\u0142 petrochemiczny","og_description":"Obowi\u0105zuj\u0105ce przepisy UDT \u2013 szkolenie 48-godzinne Obowi\u0105zuj\u0105ce przepisy Urz\u0119du Dozoru Technicznego (UDT) to praktyczne szkolenie, kt\u00f3re kompleksowo przygotuje Ci\u0119 do pracy zgodnej z najnowszymi wymaganiami Urz\u0119du Dozoru Technicznego. W ci\u0105gu 48 godzin lekcyjnych zdob\u0119dziesz aktualn\u0105 wiedz\u0119 prawn\u0105 i techniczn\u0105 oraz umiej\u0119tno\u015bci, dzi\u0119ki kt\u00f3rym bezpiecznie i zgodnie z przepisami b\u0119dziesz eksploatowa\u0107, naprawia\u0107, modernizowa\u0107, a nawet wytwarza\u0107...","og_url":"https:\/\/bcuplock.pl\/?page_id=1040","og_site_name":"Bran\u017cowe Centrum Umiej\u0119tno\u015bci w dziedzinie Przemys\u0142 petrochemiczny","article_modified_time":"2025-11-06T18:00:55+00:00","og_image":[{"width":1024,"height":640,"url":"https:\/\/bcuplock.pl\/wp-content\/uploads\/2025\/11\/UDT-1-1024x640.png","type":"image\/png"}],"twitter_card":"summary_large_image","twitter_misc":{"Szacowany czas czytania":"3 minuty"},"schema":{"@context":"https:\/\/schema.org","@graph":[{"@type":"WebPage","@id":"https:\/\/bcuplock.pl\/?page_id=1040","url":"https:\/\/bcuplock.pl\/?page_id=1040","name":"Obowi\u0105zuj\u0105ce przepisy UDT \u2013 szkolenie 48-godzinne - Bran\u017cowe Centrum Umiej\u0119tno\u015bci w dziedzinie Przemys\u0142 petrochemiczny","isPartOf":{"@id":"https:\/\/bcuplock.pl\/#website"},"primaryImageOfPage":{"@id":"https:\/\/bcuplock.pl\/?page_id=1040#primaryimage"},"image":{"@id":"https:\/\/bcuplock.pl\/?page_id=1040#primaryimage"},"thumbnailUrl":"https:\/\/bcuplock.pl\/wp-content\/uploads\/2025\/11\/UDT-1-1024x640.png","datePublished":"2025-11-06T14:39:54+00:00","dateModified":"2025-11-06T18:00:55+00:00","breadcrumb":{"@id":"https:\/\/bcuplock.pl\/?page_id=1040#breadcrumb"},"inLanguage":"pl-PL","potentialAction":[{"@type":"ReadAction","target":["https:\/\/bcuplock.pl\/?page_id=1040"]}]},{"@type":"ImageObject","inLanguage":"pl-PL","@id":"https:\/\/bcuplock.pl\/?page_id=1040#primaryimage","url":"https:\/\/bcuplock.pl\/wp-content\/uploads\/2025\/11\/UDT-1.png","contentUrl":"https:\/\/bcuplock.pl\/wp-content\/uploads\/2025\/11\/UDT-1.png","width":1920,"height":1200},{"@type":"BreadcrumbList","@id":"https:\/\/bcuplock.pl\/?page_id=1040#breadcrumb","itemListElement":[{"@type":"ListItem","position":1,"name":"Strona g\u0142\u00f3wna","item":"https:\/\/bcuplock.pl\/"},{"@type":"ListItem","position":2,"name":"OFERTA","item":"https:\/\/bcuplock.pl\/?page_id=1005"},{"@type":"ListItem","position":3,"name":"Szkolenia","item":"https:\/\/bcuplock.pl\/?page_id=1007"},{"@type":"ListItem","position":4,"name":"Obowi\u0105zuj\u0105ce przepisy UDT \u2013 szkolenie 48-godzinne"}]},{"@type":"WebSite","@id":"https:\/\/bcuplock.pl\/#website","url":"https:\/\/bcuplock.pl\/","name":"Bran\u017cowe Centrum Umiej\u0119tno\u015bci dla bran\u017cy petrochemicznej w P\u0142ocku","description":"BCU P\u0142ock","publisher":{"@id":"https:\/\/bcuplock.pl\/#organization"},"potentialAction":[{"@type":"SearchAction","target":{"@type":"EntryPoint","urlTemplate":"https:\/\/bcuplock.pl\/?s={search_term_string}"},"query-input":{"@type":"PropertyValueSpecification","valueRequired":true,"valueName":"search_term_string"}}],"inLanguage":"pl-PL"},{"@type":"Organization","@id":"https:\/\/bcuplock.pl\/#organization","name":"Bran\u017cowe Centrum Umiej\u0119tno\u015bci dla bran\u017cy petrochemicznej w P\u0142ocku","url":"https:\/\/bcuplock.pl\/","logo":{"@type":"ImageObject","inLanguage":"pl-PL","@id":"https:\/\/bcuplock.pl\/#\/schema\/logo\/image\/","url":"https:\/\/bcuplock.pl\/wp-content\/uploads\/2025\/09\/BCU_logo_v11.png","contentUrl":"https:\/\/bcuplock.pl\/wp-content\/uploads\/2025\/09\/BCU_logo_v11.png","width":2062,"height":769,"caption":"Bran\u017cowe Centrum Umiej\u0119tno\u015bci dla bran\u017cy petrochemicznej w P\u0142ocku"},"image":{"@id":"https:\/\/bcuplock.pl\/#\/schema\/logo\/image\/"}}]}},"_links":{"self":[{"href":"https:\/\/bcuplock.pl\/index.php?rest_route=\/wp\/v2\/pages\/1040","targetHints":{"allow":["GET"]}}],"collection":[{"href":"https:\/\/bcuplock.pl\/index.php?rest_route=\/wp\/v2\/pages"}],"about":[{"href":"https:\/\/bcuplock.pl\/index.php?rest_route=\/wp\/v2\/types\/page"}],"author":[{"embeddable":true,"href":"https:\/\/bcuplock.pl\/index.php?rest_route=\/wp\/v2\/users\/1"}],"replies":[{"embeddable":true,"href":"https:\/\/bcuplock.pl\/index.php?rest_route=%2Fwp%2Fv2%2Fcomments&post=1040"}],"version-history":[{"count":2,"href":"https:\/\/bcuplock.pl\/index.php?rest_route=\/wp\/v2\/pages\/1040\/revisions"}],"predecessor-version":[{"id":1080,"href":"https:\/\/bcuplock.pl\/index.php?rest_route=\/wp\/v2\/pages\/1040\/revisions\/1080"}],"up":[{"embeddable":true,"href":"https:\/\/bcuplock.pl\/index.php?rest_route=\/wp\/v2\/pages\/1007"}],"wp:attachment":[{"href":"https:\/\/bcuplock.pl\/index.php?rest_route=%2Fwp%2Fv2%2Fmedia&parent=1040"}],"curies":[{"name":"wp","href":"https:\/\/api.w.org\/{rel}","templated":true}]}}