{"id":1115,"date":"2025-11-07T14:55:02","date_gmt":"2025-11-07T13:55:02","guid":{"rendered":"https:\/\/bcuplock.pl\/?page_id=1115"},"modified":"2026-04-17T10:36:00","modified_gmt":"2026-04-17T08:36:00","slug":"dokumenty-rekrutacyjne","status":"publish","type":"page","link":"https:\/\/bcuplock.pl\/?page_id=1115","title":{"rendered":"Dokumenty rekrutacyjne"},"content":{"rendered":"<div class=\"breadcrumbs align  wp-block-bcn-breadcrumb-trail has-text-color has-background\" vocab=\"https:\/\/schema.org\/\" typeof=\"BreadcrumbList\">\n\t<span><\/span>\n\t<span property=\"itemListElement\" typeof=\"ListItem\"><a property=\"item\" typeof=\"WebPage\" title=\"Przejd\u017a do Bran\u017cowe Centrum Umiej\u0119tno\u015bci w dziedzinie Przemys\u0142 petrochemiczny.\" href=\"https:\/\/bcuplock.pl\" class=\"home\" aria-current=\"page\"><span property=\"name\">Strona g\u0142\u00f3wna<\/span><\/a><meta property=\"position\" content=\"1\"><\/span><\/div>\n\n\n\n<h2 class=\"wp-block-heading\">Dokumenty rekrutacyjne<\/h2>\n\n\n\n<div style=\"height:52px\" aria-hidden=\"true\" class=\"wp-block-spacer\"><\/div>\n\n\n\n<p><\/p>\n\n\n\n<div class=\"wp-block-columns is-layout-flex wp-container-core-columns-is-layout-9d6595d7 wp-block-columns-is-layout-flex\">\n<div class=\"wp-block-column is-layout-flow wp-block-column-is-layout-flow\" style=\"border-style:none;border-width:0px;padding-top:0;padding-bottom:0;flex-basis:66.66%\">\n<p><strong>Regulamin rekrutacji BCU<\/strong><\/p>\n<\/div>\n\n\n\n<div class=\"wp-block-column is-layout-flow wp-block-column-is-layout-flow\" style=\"flex-basis:33.33%\">\n<div class=\"wp-block-buttons is-layout-flex wp-block-buttons-is-layout-flex\">\n<div class=\"wp-block-button\"><a class=\"wp-block-button__link has-background wp-element-button\" href=\"https:\/\/bcuplock.pl\/wp-content\/uploads\/2025\/11\/Regulamin_rekrutacji_BCU_v2.pdf\" style=\"background-color:#c6351f\">Pobierz<\/a><\/div>\n<\/div>\n<\/div>\n<\/div>\n\n\n\n<div class=\"wp-block-columns is-layout-flex wp-container-core-columns-is-layout-9d6595d7 wp-block-columns-is-layout-flex\">\n<div class=\"wp-block-column is-layout-flow wp-block-column-is-layout-flow\" style=\"flex-basis:66.66%\">\n<p><strong>Za\u0142\u0105cznik nr 1a &#8211; Formularz &#8211; nauczyciel<\/strong><\/p>\n<\/div>\n\n\n\n<div class=\"wp-block-column is-layout-flow wp-block-column-is-layout-flow\" style=\"flex-basis:33.33%\">\n<div class=\"wp-block-buttons is-layout-flex wp-block-buttons-is-layout-flex\">\n<div class=\"wp-block-button\"><a class=\"wp-block-button__link has-background wp-element-button\" href=\"https:\/\/bcuplock.pl\/wp-content\/uploads\/2025\/11\/Zalacznik-1a_Formularz_nauczyciel.pdf\" style=\"background-color:#c6351f\">Pobierz<\/a><\/div>\n<\/div>\n<\/div>\n<\/div>\n\n\n\n<div class=\"wp-block-columns is-layout-flex wp-container-core-columns-is-layout-9d6595d7 wp-block-columns-is-layout-flex\">\n<div class=\"wp-block-column is-layout-flow wp-block-column-is-layout-flow\" style=\"flex-basis:66.66%\">\n<p><strong>Za\u0142\u0105cznik nr 1b &#8211; Formularz &#8211; osoba m\u0142oda<\/strong><\/p>\n<\/div>\n\n\n\n<div class=\"wp-block-column is-layout-flow wp-block-column-is-layout-flow\" style=\"flex-basis:33.33%\">\n<div class=\"wp-block-buttons is-layout-flex wp-block-buttons-is-layout-flex\">\n<div class=\"wp-block-button\"><a class=\"wp-block-button__link has-background wp-element-button\" href=\"https:\/\/bcuplock.pl\/wp-content\/uploads\/2026\/04\/Zalacznik-1b_Formularz_osoba_mlodav2.pdf\" style=\"background-color:#c6351f\">Pobierz<\/a><\/div>\n<\/div>\n<\/div>\n<\/div>\n\n\n\n<div class=\"wp-block-columns is-layout-flex wp-container-core-columns-is-layout-9d6595d7 wp-block-columns-is-layout-flex\">\n<div class=\"wp-block-column is-layout-flow wp-block-column-is-layout-flow\" style=\"flex-basis:66.66%\">\n<p><strong>Za\u0142\u0105cznik nr 1c &#8211; Formularz &#8211; osoba doros\u0142a<\/strong><\/p>\n<\/div>\n\n\n\n<div class=\"wp-block-column is-layout-flow wp-block-column-is-layout-flow\" style=\"flex-basis:33.33%\">\n<div class=\"wp-block-buttons is-layout-flex wp-block-buttons-is-layout-flex\">\n<div class=\"wp-block-button\"><a class=\"wp-block-button__link has-background wp-element-button\" href=\"https:\/\/bcuplock.pl\/wp-content\/uploads\/2025\/11\/Zalacznik-1c_Formularz_osoba_dorosla.pdf\" style=\"background-color:#c6351f\">Pobierz<\/a><\/div>\n<\/div>\n<\/div>\n<\/div>\n\n\n\n<div class=\"wp-block-columns is-layout-flex wp-container-core-columns-is-layout-9d6595d7 wp-block-columns-is-layout-flex\">\n<div class=\"wp-block-column is-layout-flow wp-block-column-is-layout-flow\" style=\"flex-basis:66.66%\">\n<p><strong>Za\u0142\u0105cznik nr 2 &#8211; Skierowanie na szkolenie nauczyciel<\/strong><\/p>\n<\/div>\n\n\n\n<div class=\"wp-block-column is-layout-flow wp-block-column-is-layout-flow\" style=\"flex-basis:33.33%\">\n<div class=\"wp-block-buttons is-layout-flex wp-block-buttons-is-layout-flex\">\n<div class=\"wp-block-button\"><a class=\"wp-block-button__link has-background wp-element-button\" href=\"https:\/\/bcuplock.pl\/wp-content\/uploads\/2025\/11\/Zalacznik_2_Skierowanie_na_szkolenie_nauczyciel.pdf\" style=\"background-color:#c6351f\">Pobierz<\/a><\/div>\n<\/div>\n<\/div>\n<\/div>\n\n\n\n<div class=\"wp-block-columns is-layout-flex wp-container-core-columns-is-layout-9d6595d7 wp-block-columns-is-layout-flex\">\n<div class=\"wp-block-column is-layout-flow wp-block-column-is-layout-flow\" style=\"flex-basis:66.66%\">\n<p><strong>Za\u0142\u0105cznik nr 3 &#8211; Za\u015bwiadczenie o kszta\u0142ceniu<\/strong><\/p>\n<\/div>\n\n\n\n<div class=\"wp-block-column is-layout-flow wp-block-column-is-layout-flow\" style=\"flex-basis:33.33%\">\n<div class=\"wp-block-buttons is-layout-flex wp-block-buttons-is-layout-flex\">\n<div class=\"wp-block-button\"><a class=\"wp-block-button__link has-background wp-element-button\" href=\"https:\/\/bcuplock.pl\/wp-content\/uploads\/2025\/11\/Zalacznik_3_Zaswiadczenie_o_ksztalceniu.pdf\" style=\"background-color:#c6351f\">Pobierz<\/a><\/div>\n<\/div>\n<\/div>\n<\/div>\n\n\n\n<div class=\"wp-block-columns is-layout-flex wp-container-core-columns-is-layout-9d6595d7 wp-block-columns-is-layout-flex\">\n<div class=\"wp-block-column is-layout-flow wp-block-column-is-layout-flow\" style=\"flex-basis:66.66%\">\n<p><strong>Za\u0142\u0105cznik nr 4 &#8211; Wz\u00f3r umowy<\/strong><\/p>\n<\/div>\n\n\n\n<div class=\"wp-block-column is-layout-flow wp-block-column-is-layout-flow\" style=\"flex-basis:33.33%\">\n<div class=\"wp-block-buttons is-layout-flex wp-block-buttons-is-layout-flex\">\n<div class=\"wp-block-button\"><a class=\"wp-block-button__link has-background wp-element-button\" href=\"https:\/\/bcuplock.pl\/wp-content\/uploads\/2025\/11\/Zalacznik-4_Wzor_umowy.pdf\" style=\"background-color:#c6351f\">Pobierz<\/a><\/div>\n<\/div>\n<\/div>\n<\/div>\n\n\n\n<div class=\"wp-block-columns is-layout-flex wp-container-core-columns-is-layout-9d6595d7 wp-block-columns-is-layout-flex\">\n<div class=\"wp-block-column is-layout-flow wp-block-column-is-layout-flow\" style=\"flex-basis:66.66%\">\n<p><strong>Za\u0142\u0105cznik nr 5 &#8211; Wniosek o zwrot koszt\u00f3w noclegu<\/strong><\/p>\n<\/div>\n\n\n\n<div class=\"wp-block-column is-layout-flow wp-block-column-is-layout-flow\" style=\"flex-basis:33.33%\">\n<div class=\"wp-block-buttons is-layout-flex wp-block-buttons-is-layout-flex\">\n<div class=\"wp-block-button\"><a class=\"wp-block-button__link has-background wp-element-button\" href=\"https:\/\/bcuplock.pl\/wp-content\/uploads\/2025\/11\/Zalacznik-5_Wniosek-o-zwrot-kosztow-noclegu.pdf\" style=\"background-color:#c6351f\">Pobierz<\/a><\/div>\n<\/div>\n<\/div>\n<\/div>\n\n\n\n<div class=\"wp-block-columns is-layout-flex wp-container-core-columns-is-layout-9d6595d7 wp-block-columns-is-layout-flex\">\n<div class=\"wp-block-column is-layout-flow wp-block-column-is-layout-flow\" style=\"flex-basis:66.66%\">\n<p><strong>Za\u0142\u0105cznik nr 6 &#8211; O\u015bwiadczenie o niekorzystaniu z innych szkole\u0144 w ramach BCU<\/strong><\/p>\n<\/div>\n\n\n\n<div class=\"wp-block-column is-layout-flow wp-block-column-is-layout-flow\" style=\"flex-basis:33.33%\">\n<div class=\"wp-block-buttons is-layout-flex wp-block-buttons-is-layout-flex\">\n<div class=\"wp-block-button\"><a class=\"wp-block-button__link has-background wp-element-button\" href=\"https:\/\/bcuplock.pl\/wp-content\/uploads\/2025\/11\/Zalacznik_6_Oswiadczenie-o-niekorzystaniu-z-innych-szkolen-w-ramach-BCU.pdf\" style=\"background-color:#c6351f\">Pobierz<\/a><\/div>\n<\/div>\n<\/div>\n<\/div>\n","protected":false},"excerpt":{"rendered":"<p>Dokumenty rekrutacyjne Regulamin rekrutacji BCU Za\u0142\u0105cznik nr 1a &#8211; Formularz &#8211; nauczyciel Za\u0142\u0105cznik nr 1b &#8211; Formularz &#8211; osoba m\u0142oda Za\u0142\u0105cznik nr 1c &#8211; Formularz &#8211; osoba doros\u0142a Za\u0142\u0105cznik nr 2 &#8211; Skierowanie na szkolenie nauczyciel Za\u0142\u0105cznik nr 3 &#8211; Za\u015bwiadczenie o kszta\u0142ceniu Za\u0142\u0105cznik nr 4 &#8211; Wz\u00f3r umowy Za\u0142\u0105cznik nr 5 &#8211; Wniosek o&#8230;<\/p>\n","protected":false},"author":1,"featured_media":0,"parent":1005,"menu_order":0,"comment_status":"closed","ping_status":"closed","template":"","meta":{"_kadence_starter_templates_imported_post":false,"_kad_post_transparent":"","_kad_post_title":"","_kad_post_layout":"normal","_kad_post_sidebar_id":"","_kad_post_content_style":"","_kad_post_vertical_padding":"","_kad_post_feature":"","_kad_post_feature_position":"","_kad_post_header":false,"_kad_post_footer":false,"_kad_post_classname":"","footnotes":""},"class_list":["post-1115","page","type-page","status-publish","hentry"],"yoast_head":"<!-- This site is optimized with the Yoast SEO plugin v27.0 - https:\/\/yoast.com\/product\/yoast-seo-wordpress\/ -->\n<title>Dokumenty rekrutacyjne - Bran\u017cowe Centrum Umiej\u0119tno\u015bci w dziedzinie Przemys\u0142 petrochemiczny<\/title>\n<meta name=\"robots\" content=\"index, follow, max-snippet:-1, max-image-preview:large, max-video-preview:-1\" \/>\n<link rel=\"canonical\" href=\"https:\/\/bcuplock.pl\/?page_id=1115\" \/>\n<meta property=\"og:locale\" content=\"pl_PL\" \/>\n<meta property=\"og:type\" content=\"article\" \/>\n<meta property=\"og:title\" content=\"Dokumenty rekrutacyjne - Bran\u017cowe Centrum Umiej\u0119tno\u015bci w dziedzinie Przemys\u0142 petrochemiczny\" \/>\n<meta property=\"og:description\" content=\"Dokumenty rekrutacyjne Regulamin rekrutacji BCU Za\u0142\u0105cznik nr 1a &#8211; Formularz &#8211; nauczyciel Za\u0142\u0105cznik nr 1b &#8211; Formularz &#8211; osoba m\u0142oda Za\u0142\u0105cznik nr 1c &#8211; Formularz &#8211; osoba doros\u0142a Za\u0142\u0105cznik nr 2 &#8211; Skierowanie na szkolenie nauczyciel Za\u0142\u0105cznik nr 3 &#8211; Za\u015bwiadczenie o kszta\u0142ceniu Za\u0142\u0105cznik nr 4 &#8211; Wz\u00f3r umowy Za\u0142\u0105cznik nr 5 &#8211; Wniosek o...\" \/>\n<meta property=\"og:url\" content=\"https:\/\/bcuplock.pl\/?page_id=1115\" \/>\n<meta property=\"og:site_name\" content=\"Bran\u017cowe Centrum Umiej\u0119tno\u015bci w dziedzinie Przemys\u0142 petrochemiczny\" \/>\n<meta property=\"article:modified_time\" content=\"2026-04-17T08:36:00+00:00\" \/>\n<meta name=\"twitter:card\" content=\"summary_large_image\" \/>\n<meta name=\"twitter:label1\" content=\"Szacowany czas czytania\" \/>\n\t<meta name=\"twitter:data1\" content=\"1 minuta\" \/>\n<script type=\"application\/ld+json\" class=\"yoast-schema-graph\">{\"@context\":\"https:\/\/schema.org\",\"@graph\":[{\"@type\":\"WebPage\",\"@id\":\"https:\/\/bcuplock.pl\/?page_id=1115\",\"url\":\"https:\/\/bcuplock.pl\/?page_id=1115\",\"name\":\"Dokumenty rekrutacyjne - Bran\u017cowe Centrum Umiej\u0119tno\u015bci w dziedzinie Przemys\u0142 petrochemiczny\",\"isPartOf\":{\"@id\":\"https:\/\/bcuplock.pl\/#website\"},\"datePublished\":\"2025-11-07T13:55:02+00:00\",\"dateModified\":\"2026-04-17T08:36:00+00:00\",\"breadcrumb\":{\"@id\":\"https:\/\/bcuplock.pl\/?page_id=1115#breadcrumb\"},\"inLanguage\":\"pl-PL\",\"potentialAction\":[{\"@type\":\"ReadAction\",\"target\":[\"https:\/\/bcuplock.pl\/?page_id=1115\"]}]},{\"@type\":\"BreadcrumbList\",\"@id\":\"https:\/\/bcuplock.pl\/?page_id=1115#breadcrumb\",\"itemListElement\":[{\"@type\":\"ListItem\",\"position\":1,\"name\":\"Strona g\u0142\u00f3wna\",\"item\":\"https:\/\/bcuplock.pl\/\"},{\"@type\":\"ListItem\",\"position\":2,\"name\":\"OFERTA\",\"item\":\"https:\/\/bcuplock.pl\/?page_id=1005\"},{\"@type\":\"ListItem\",\"position\":3,\"name\":\"Dokumenty rekrutacyjne\"}]},{\"@type\":\"WebSite\",\"@id\":\"https:\/\/bcuplock.pl\/#website\",\"url\":\"https:\/\/bcuplock.pl\/\",\"name\":\"Bran\u017cowe Centrum Umiej\u0119tno\u015bci dla bran\u017cy petrochemicznej w P\u0142ocku\",\"description\":\"BCU P\u0142ock\",\"publisher\":{\"@id\":\"https:\/\/bcuplock.pl\/#organization\"},\"potentialAction\":[{\"@type\":\"SearchAction\",\"target\":{\"@type\":\"EntryPoint\",\"urlTemplate\":\"https:\/\/bcuplock.pl\/?s={search_term_string}\"},\"query-input\":{\"@type\":\"PropertyValueSpecification\",\"valueRequired\":true,\"valueName\":\"search_term_string\"}}],\"inLanguage\":\"pl-PL\"},{\"@type\":\"Organization\",\"@id\":\"https:\/\/bcuplock.pl\/#organization\",\"name\":\"Bran\u017cowe Centrum Umiej\u0119tno\u015bci dla bran\u017cy petrochemicznej w P\u0142ocku\",\"url\":\"https:\/\/bcuplock.pl\/\",\"logo\":{\"@type\":\"ImageObject\",\"inLanguage\":\"pl-PL\",\"@id\":\"https:\/\/bcuplock.pl\/#\/schema\/logo\/image\/\",\"url\":\"https:\/\/bcuplock.pl\/wp-content\/uploads\/2025\/09\/BCU_logo_v11.png\",\"contentUrl\":\"https:\/\/bcuplock.pl\/wp-content\/uploads\/2025\/09\/BCU_logo_v11.png\",\"width\":2062,\"height\":769,\"caption\":\"Bran\u017cowe Centrum Umiej\u0119tno\u015bci dla bran\u017cy petrochemicznej w P\u0142ocku\"},\"image\":{\"@id\":\"https:\/\/bcuplock.pl\/#\/schema\/logo\/image\/\"}}]}<\/script>\n<!-- \/ Yoast SEO plugin. -->","yoast_head_json":{"title":"Dokumenty rekrutacyjne - Bran\u017cowe Centrum Umiej\u0119tno\u015bci w dziedzinie Przemys\u0142 petrochemiczny","robots":{"index":"index","follow":"follow","max-snippet":"max-snippet:-1","max-image-preview":"max-image-preview:large","max-video-preview":"max-video-preview:-1"},"canonical":"https:\/\/bcuplock.pl\/?page_id=1115","og_locale":"pl_PL","og_type":"article","og_title":"Dokumenty rekrutacyjne - Bran\u017cowe Centrum Umiej\u0119tno\u015bci w dziedzinie Przemys\u0142 petrochemiczny","og_description":"Dokumenty rekrutacyjne Regulamin rekrutacji BCU Za\u0142\u0105cznik nr 1a &#8211; Formularz &#8211; nauczyciel Za\u0142\u0105cznik nr 1b &#8211; Formularz &#8211; osoba m\u0142oda Za\u0142\u0105cznik nr 1c &#8211; Formularz &#8211; osoba doros\u0142a Za\u0142\u0105cznik nr 2 &#8211; Skierowanie na szkolenie nauczyciel Za\u0142\u0105cznik nr 3 &#8211; Za\u015bwiadczenie o kszta\u0142ceniu Za\u0142\u0105cznik nr 4 &#8211; Wz\u00f3r umowy Za\u0142\u0105cznik nr 5 &#8211; Wniosek o...","og_url":"https:\/\/bcuplock.pl\/?page_id=1115","og_site_name":"Bran\u017cowe Centrum Umiej\u0119tno\u015bci w dziedzinie Przemys\u0142 petrochemiczny","article_modified_time":"2026-04-17T08:36:00+00:00","twitter_card":"summary_large_image","twitter_misc":{"Szacowany czas czytania":"1 minuta"},"schema":{"@context":"https:\/\/schema.org","@graph":[{"@type":"WebPage","@id":"https:\/\/bcuplock.pl\/?page_id=1115","url":"https:\/\/bcuplock.pl\/?page_id=1115","name":"Dokumenty rekrutacyjne - Bran\u017cowe Centrum Umiej\u0119tno\u015bci w dziedzinie Przemys\u0142 petrochemiczny","isPartOf":{"@id":"https:\/\/bcuplock.pl\/#website"},"datePublished":"2025-11-07T13:55:02+00:00","dateModified":"2026-04-17T08:36:00+00:00","breadcrumb":{"@id":"https:\/\/bcuplock.pl\/?page_id=1115#breadcrumb"},"inLanguage":"pl-PL","potentialAction":[{"@type":"ReadAction","target":["https:\/\/bcuplock.pl\/?page_id=1115"]}]},{"@type":"BreadcrumbList","@id":"https:\/\/bcuplock.pl\/?page_id=1115#breadcrumb","itemListElement":[{"@type":"ListItem","position":1,"name":"Strona g\u0142\u00f3wna","item":"https:\/\/bcuplock.pl\/"},{"@type":"ListItem","position":2,"name":"OFERTA","item":"https:\/\/bcuplock.pl\/?page_id=1005"},{"@type":"ListItem","position":3,"name":"Dokumenty rekrutacyjne"}]},{"@type":"WebSite","@id":"https:\/\/bcuplock.pl\/#website","url":"https:\/\/bcuplock.pl\/","name":"Bran\u017cowe Centrum Umiej\u0119tno\u015bci dla bran\u017cy petrochemicznej w P\u0142ocku","description":"BCU P\u0142ock","publisher":{"@id":"https:\/\/bcuplock.pl\/#organization"},"potentialAction":[{"@type":"SearchAction","target":{"@type":"EntryPoint","urlTemplate":"https:\/\/bcuplock.pl\/?s={search_term_string}"},"query-input":{"@type":"PropertyValueSpecification","valueRequired":true,"valueName":"search_term_string"}}],"inLanguage":"pl-PL"},{"@type":"Organization","@id":"https:\/\/bcuplock.pl\/#organization","name":"Bran\u017cowe Centrum Umiej\u0119tno\u015bci dla bran\u017cy petrochemicznej w P\u0142ocku","url":"https:\/\/bcuplock.pl\/","logo":{"@type":"ImageObject","inLanguage":"pl-PL","@id":"https:\/\/bcuplock.pl\/#\/schema\/logo\/image\/","url":"https:\/\/bcuplock.pl\/wp-content\/uploads\/2025\/09\/BCU_logo_v11.png","contentUrl":"https:\/\/bcuplock.pl\/wp-content\/uploads\/2025\/09\/BCU_logo_v11.png","width":2062,"height":769,"caption":"Bran\u017cowe Centrum Umiej\u0119tno\u015bci dla bran\u017cy petrochemicznej w P\u0142ocku"},"image":{"@id":"https:\/\/bcuplock.pl\/#\/schema\/logo\/image\/"}}]}},"_links":{"self":[{"href":"https:\/\/bcuplock.pl\/index.php?rest_route=\/wp\/v2\/pages\/1115","targetHints":{"allow":["GET"]}}],"collection":[{"href":"https:\/\/bcuplock.pl\/index.php?rest_route=\/wp\/v2\/pages"}],"about":[{"href":"https:\/\/bcuplock.pl\/index.php?rest_route=\/wp\/v2\/types\/page"}],"author":[{"embeddable":true,"href":"https:\/\/bcuplock.pl\/index.php?rest_route=\/wp\/v2\/users\/1"}],"replies":[{"embeddable":true,"href":"https:\/\/bcuplock.pl\/index.php?rest_route=%2Fwp%2Fv2%2Fcomments&post=1115"}],"version-history":[{"count":24,"href":"https:\/\/bcuplock.pl\/index.php?rest_route=\/wp\/v2\/pages\/1115\/revisions"}],"predecessor-version":[{"id":1429,"href":"https:\/\/bcuplock.pl\/index.php?rest_route=\/wp\/v2\/pages\/1115\/revisions\/1429"}],"up":[{"embeddable":true,"href":"https:\/\/bcuplock.pl\/index.php?rest_route=\/wp\/v2\/pages\/1005"}],"wp:attachment":[{"href":"https:\/\/bcuplock.pl\/index.php?rest_route=%2Fwp%2Fv2%2Fmedia&parent=1115"}],"curies":[{"name":"wp","href":"https:\/\/api.w.org\/{rel}","templated":true}]}}