{"id":1161,"date":"2025-11-18T01:55:55","date_gmt":"2025-11-18T00:55:55","guid":{"rendered":"https:\/\/bcuplock.pl\/?page_id=1161"},"modified":"2026-02-24T00:07:22","modified_gmt":"2026-02-23T23:07:22","slug":"strona-glowna","status":"publish","type":"page","link":"https:\/\/bcuplock.pl\/","title":{"rendered":"Strona g\u0142\u00f3wna"},"content":{"rendered":"<div class=\"breadcrumbs align  wp-block-bcn-breadcrumb-trail has-text-color has-background\" vocab=\"https:\/\/schema.org\/\" typeof=\"BreadcrumbList\">\n\t<span><\/span>\n\t<span property=\"itemListElement\" typeof=\"ListItem\"><a property=\"item\" typeof=\"WebPage\" title=\"Przejd\u017a do Bran\u017cowe Centrum Umiej\u0119tno\u015bci w dziedzinie Przemys\u0142 petrochemiczny.\" href=\"https:\/\/bcuplock.pl\" class=\"home\" aria-current=\"page\"><span property=\"name\">Strona g\u0142\u00f3wna<\/span><\/a><meta property=\"position\" content=\"1\"><\/span><\/div>\n\n\n\n<div style=\"height:50px\" aria-hidden=\"true\" class=\"wp-block-spacer\"><\/div>\n\n\n\n<div class=\"wp-block-media-text has-media-on-the-right is-stacked-on-mobile has-border-color\" style=\"border-color:#b9b9b9;border-width:1px\"><div class=\"wp-block-media-text__content\">\n<h2 class=\"wp-block-heading\">O nas<\/h2>\n\n\n\n<p>Jeste\u015bmy nowoczesnym i rozwini\u0119tym pod wzgl\u0119dem technologicznym o\u015brodkiem kszta\u0142cenia i egzaminowania specjalist\u00f3w oraz praktyk\u00f3w z bran\u017cy petrochemicznej, kt\u00f3ry stanowi istotny element uzupe\u0142niaj\u0105cy i wspieraj\u0105cy dla systemu szkolnictwa bran\u017cowego w Polsce.<\/p>\n\n\n\n<div class=\"wp-block-buttons is-content-justification-right is-layout-flex wp-container-core-buttons-is-layout-765c4724 wp-block-buttons-is-layout-flex\">\n<div class=\"wp-block-button\"><a class=\"wp-block-button__link has-background wp-element-button\" href=\"https:\/\/bcuplock.pl\/?page_id=14\" style=\"background-color:#c6351f\">Wi\u0119cej<\/a><\/div>\n<\/div>\n<\/div><figure class=\"wp-block-media-text__media\"><img fetchpriority=\"high\" decoding=\"async\" width=\"1024\" height=\"640\" src=\"https:\/\/bcuplock.pl\/wp-content\/uploads\/2025\/11\/O_BCU-1024x640.png\" alt=\"\" class=\"wp-image-1163 size-full\" srcset=\"https:\/\/bcuplock.pl\/wp-content\/uploads\/2025\/11\/O_BCU-1024x640.png 1024w, https:\/\/bcuplock.pl\/wp-content\/uploads\/2025\/11\/O_BCU-300x188.png 300w, https:\/\/bcuplock.pl\/wp-content\/uploads\/2025\/11\/O_BCU-768x480.png 768w, https:\/\/bcuplock.pl\/wp-content\/uploads\/2025\/11\/O_BCU-1536x960.png 1536w, https:\/\/bcuplock.pl\/wp-content\/uploads\/2025\/11\/O_BCU.png 1920w\" sizes=\"(max-width: 1024px) 100vw, 1024px\" \/><\/figure><\/div>\n\n\n\n<div class=\"wp-block-media-text is-stacked-on-mobile has-border-color\" style=\"border-color:#b9b9b9;border-width:1px\"><figure class=\"wp-block-media-text__media\"><img decoding=\"async\" width=\"1024\" height=\"640\" src=\"https:\/\/bcuplock.pl\/wp-content\/uploads\/2025\/11\/Szkolenia-1024x640.png\" alt=\"\" class=\"wp-image-1162 size-full\" srcset=\"https:\/\/bcuplock.pl\/wp-content\/uploads\/2025\/11\/Szkolenia-1024x640.png 1024w, https:\/\/bcuplock.pl\/wp-content\/uploads\/2025\/11\/Szkolenia-300x188.png 300w, https:\/\/bcuplock.pl\/wp-content\/uploads\/2025\/11\/Szkolenia-768x480.png 768w, https:\/\/bcuplock.pl\/wp-content\/uploads\/2025\/11\/Szkolenia-1536x960.png 1536w, https:\/\/bcuplock.pl\/wp-content\/uploads\/2025\/11\/Szkolenia.png 1920w\" sizes=\"(max-width: 1024px) 100vw, 1024px\" \/><\/figure><div class=\"wp-block-media-text__content\">\n<h2 class=\"wp-block-heading\">Szkolenia<\/h2>\n\n\n\n<p>Zapraszamy do zapoznania si\u0119 z nasz\u0105 ofert\u0105 szkoleniow\u0105, dzi\u0119ki kt\u00f3rej zdob\u0119dziesz nowe umiej\u0119tno\u015bci i rozwiniesz kwalifikacje. Oferujemy praktyczne kursy dopasowane do Twoich potrzeb \u2013 inwestuj w siebie i otw\u00f3rz drzwi do sukcesu zawodowego ju\u017c dzi\u015b!<\/p>\n\n\n\n<div class=\"wp-block-buttons is-content-justification-right is-layout-flex wp-container-core-buttons-is-layout-765c4724 wp-block-buttons-is-layout-flex\">\n<div class=\"wp-block-button\"><a class=\"wp-block-button__link has-background wp-element-button\" href=\"https:\/\/bcuplock.pl\/?page_id=1007\" style=\"background-color:#c6351f\">Wi\u0119cej<\/a><\/div>\n<\/div>\n<\/div><\/div>\n\n\n\n<h2 class=\"wp-block-heading\">Aktualno\u015bci<\/h2>\n\n\n\n<div style=\"height:35px\" aria-hidden=\"true\" class=\"wp-block-spacer\"><\/div>\n\n\n\n<div class=\"wp-block-query is-layout-flow wp-block-query-is-layout-flow\"><ul class=\"wp-block-post-template is-layout-flow wp-block-post-template-is-layout-flow\"><li class=\"wp-block-post post-1422 post type-post status-publish format-standard has-post-thumbnail hentry category-news\">\n\n<div class=\"wp-block-columns are-vertically-aligned-center is-layout-flex wp-container-core-columns-is-layout-9d6595d7 wp-block-columns-is-layout-flex\">\n<div class=\"wp-block-column is-vertically-aligned-center is-layout-flow wp-block-column-is-layout-flow\" style=\"flex-basis:25%\"><figure class=\"wp-block-post-featured-image\"><a href=\"https:\/\/bcuplock.pl\/?p=1422\" target=\"_self\"  ><img decoding=\"async\" width=\"1920\" height=\"1200\" src=\"https:\/\/bcuplock.pl\/wp-content\/uploads\/2025\/11\/megafon.png\" class=\"attachment-post-thumbnail size-post-thumbnail wp-post-image\" alt=\"Przed nami kolejne szkolenia w BCU P\u0142ock \u2013 ruszamy z tematami: Dyrektywa PED i bezpiecze\u0144stwo procesowe\" style=\"object-fit:cover;\" srcset=\"https:\/\/bcuplock.pl\/wp-content\/uploads\/2025\/11\/megafon.png 1920w, https:\/\/bcuplock.pl\/wp-content\/uploads\/2025\/11\/megafon-300x188.png 300w, https:\/\/bcuplock.pl\/wp-content\/uploads\/2025\/11\/megafon-1024x640.png 1024w, https:\/\/bcuplock.pl\/wp-content\/uploads\/2025\/11\/megafon-768x480.png 768w, https:\/\/bcuplock.pl\/wp-content\/uploads\/2025\/11\/megafon-1536x960.png 1536w\" sizes=\"(max-width: 1920px) 100vw, 1920px\" \/><\/a><\/figure><\/div>\n\n\n\n<div class=\"wp-block-column is-vertically-aligned-center is-layout-flow wp-block-column-is-layout-flow\" style=\"flex-basis:75%\"><h2 class=\"wp-block-post-title\"><a href=\"https:\/\/bcuplock.pl\/?p=1422\" target=\"_self\" >Przed nami kolejne szkolenia w BCU P\u0142ock \u2013 ruszamy z tematami: Dyrektywa PED i bezpiecze\u0144stwo procesowe<\/a><\/h2><\/div>\n<\/div>\n\n<\/li><li class=\"wp-block-post post-1419 post type-post status-publish format-standard has-post-thumbnail hentry category-news\">\n\n<div class=\"wp-block-columns are-vertically-aligned-center is-layout-flex wp-container-core-columns-is-layout-9d6595d7 wp-block-columns-is-layout-flex\">\n<div class=\"wp-block-column is-vertically-aligned-center is-layout-flow wp-block-column-is-layout-flow\" style=\"flex-basis:25%\"><figure class=\"wp-block-post-featured-image\"><a href=\"https:\/\/bcuplock.pl\/?p=1419\" target=\"_self\"  ><img loading=\"lazy\" decoding=\"async\" width=\"1920\" height=\"1200\" src=\"https:\/\/bcuplock.pl\/wp-content\/uploads\/2025\/12\/wymiennik.jpg\" class=\"attachment-post-thumbnail size-post-thumbnail wp-post-image\" alt=\"Szkolenie z wymiennik\u00f3w ciep\u0142a na p\u00f3\u0142metku \u2013 intensywna wiosna w BCU trwa!\" style=\"object-fit:cover;\" srcset=\"https:\/\/bcuplock.pl\/wp-content\/uploads\/2025\/12\/wymiennik.jpg 1920w, https:\/\/bcuplock.pl\/wp-content\/uploads\/2025\/12\/wymiennik-300x188.jpg 300w, https:\/\/bcuplock.pl\/wp-content\/uploads\/2025\/12\/wymiennik-1024x640.jpg 1024w, https:\/\/bcuplock.pl\/wp-content\/uploads\/2025\/12\/wymiennik-768x480.jpg 768w, https:\/\/bcuplock.pl\/wp-content\/uploads\/2025\/12\/wymiennik-1536x960.jpg 1536w\" sizes=\"(max-width: 1920px) 100vw, 1920px\" \/><\/a><\/figure><\/div>\n\n\n\n<div class=\"wp-block-column is-vertically-aligned-center is-layout-flow wp-block-column-is-layout-flow\" style=\"flex-basis:75%\"><h2 class=\"wp-block-post-title\"><a href=\"https:\/\/bcuplock.pl\/?p=1419\" target=\"_self\" >Szkolenie z wymiennik\u00f3w ciep\u0142a na p\u00f3\u0142metku \u2013 intensywna wiosna w BCU trwa!<\/a><\/h2><\/div>\n<\/div>\n\n<\/li><li class=\"wp-block-post post-1405 post type-post status-publish format-standard has-post-thumbnail hentry category-news\">\n\n<div class=\"wp-block-columns are-vertically-aligned-center is-layout-flex wp-container-core-columns-is-layout-9d6595d7 wp-block-columns-is-layout-flex\">\n<div class=\"wp-block-column is-vertically-aligned-center is-layout-flow wp-block-column-is-layout-flow\" style=\"flex-basis:25%\"><figure class=\"wp-block-post-featured-image\"><a href=\"https:\/\/bcuplock.pl\/?p=1405\" target=\"_self\"  ><img loading=\"lazy\" decoding=\"async\" width=\"1920\" height=\"1200\" src=\"https:\/\/bcuplock.pl\/wp-content\/uploads\/2026\/03\/NiP.jpg\" class=\"attachment-post-thumbnail size-post-thumbnail wp-post-image\" alt=\"BCU P\u0142ock na targach pracy Politechniki Warszawskiej \u2013 edukacja spotyka przysz\u0142ych in\u017cynier\u00f3w!\" style=\"object-fit:cover;\" srcset=\"https:\/\/bcuplock.pl\/wp-content\/uploads\/2026\/03\/NiP.jpg 1920w, https:\/\/bcuplock.pl\/wp-content\/uploads\/2026\/03\/NiP-300x188.jpg 300w, https:\/\/bcuplock.pl\/wp-content\/uploads\/2026\/03\/NiP-1024x640.jpg 1024w, https:\/\/bcuplock.pl\/wp-content\/uploads\/2026\/03\/NiP-768x480.jpg 768w, https:\/\/bcuplock.pl\/wp-content\/uploads\/2026\/03\/NiP-1536x960.jpg 1536w\" sizes=\"(max-width: 1920px) 100vw, 1920px\" \/><\/a><\/figure><\/div>\n\n\n\n<div class=\"wp-block-column is-vertically-aligned-center is-layout-flow wp-block-column-is-layout-flow\" style=\"flex-basis:75%\"><h2 class=\"wp-block-post-title\"><a href=\"https:\/\/bcuplock.pl\/?p=1405\" target=\"_self\" >BCU P\u0142ock na targach pracy Politechniki Warszawskiej \u2013 edukacja spotyka przysz\u0142ych in\u017cynier\u00f3w!<\/a><\/h2><\/div>\n<\/div>\n\n<\/li><li class=\"wp-block-post post-1414 post type-post status-publish format-standard has-post-thumbnail hentry category-news\">\n\n<div class=\"wp-block-columns are-vertically-aligned-center is-layout-flex wp-container-core-columns-is-layout-9d6595d7 wp-block-columns-is-layout-flex\">\n<div class=\"wp-block-column is-vertically-aligned-center is-layout-flow wp-block-column-is-layout-flow\" style=\"flex-basis:25%\"><figure class=\"wp-block-post-featured-image\"><a href=\"https:\/\/bcuplock.pl\/?p=1414\" target=\"_self\"  ><img loading=\"lazy\" decoding=\"async\" width=\"1920\" height=\"1200\" src=\"https:\/\/bcuplock.pl\/wp-content\/uploads\/2026\/03\/Wiosna.jpg\" class=\"attachment-post-thumbnail size-post-thumbnail wp-post-image\" alt=\"Przed nami bardzo intensywna wiosna szkoleniowa w BCU!\" style=\"object-fit:cover;\" srcset=\"https:\/\/bcuplock.pl\/wp-content\/uploads\/2026\/03\/Wiosna.jpg 1920w, https:\/\/bcuplock.pl\/wp-content\/uploads\/2026\/03\/Wiosna-300x188.jpg 300w, https:\/\/bcuplock.pl\/wp-content\/uploads\/2026\/03\/Wiosna-1024x640.jpg 1024w, https:\/\/bcuplock.pl\/wp-content\/uploads\/2026\/03\/Wiosna-768x480.jpg 768w, https:\/\/bcuplock.pl\/wp-content\/uploads\/2026\/03\/Wiosna-1536x960.jpg 1536w\" sizes=\"(max-width: 1920px) 100vw, 1920px\" \/><\/a><\/figure><\/div>\n\n\n\n<div class=\"wp-block-column is-vertically-aligned-center is-layout-flow wp-block-column-is-layout-flow\" style=\"flex-basis:75%\"><h2 class=\"wp-block-post-title\"><a href=\"https:\/\/bcuplock.pl\/?p=1414\" target=\"_self\" >Przed nami bardzo intensywna wiosna szkoleniowa w BCU!<\/a><\/h2><\/div>\n<\/div>\n\n<\/li><li class=\"wp-block-post post-1370 post type-post status-publish format-standard has-post-thumbnail hentry category-news\">\n\n<div class=\"wp-block-columns are-vertically-aligned-center is-layout-flex wp-container-core-columns-is-layout-9d6595d7 wp-block-columns-is-layout-flex\">\n<div class=\"wp-block-column is-vertically-aligned-center is-layout-flow wp-block-column-is-layout-flow\" style=\"flex-basis:25%\"><figure class=\"wp-block-post-featured-image\"><a href=\"https:\/\/bcuplock.pl\/?p=1370\" target=\"_self\"  ><img loading=\"lazy\" decoding=\"async\" width=\"1920\" height=\"1200\" src=\"https:\/\/bcuplock.pl\/wp-content\/uploads\/2026\/02\/atex-11.jpg\" class=\"attachment-post-thumbnail size-post-thumbnail wp-post-image\" alt=\"Rekrutacja na szkolenie ATEX (23\u201326 lutego 2026 r.) zako\u0144czona!\" style=\"object-fit:cover;\" srcset=\"https:\/\/bcuplock.pl\/wp-content\/uploads\/2026\/02\/atex-11.jpg 1920w, https:\/\/bcuplock.pl\/wp-content\/uploads\/2026\/02\/atex-11-300x188.jpg 300w, https:\/\/bcuplock.pl\/wp-content\/uploads\/2026\/02\/atex-11-1024x640.jpg 1024w, https:\/\/bcuplock.pl\/wp-content\/uploads\/2026\/02\/atex-11-768x480.jpg 768w, https:\/\/bcuplock.pl\/wp-content\/uploads\/2026\/02\/atex-11-1536x960.jpg 1536w\" sizes=\"(max-width: 1920px) 100vw, 1920px\" \/><\/a><\/figure><\/div>\n\n\n\n<div class=\"wp-block-column is-vertically-aligned-center is-layout-flow wp-block-column-is-layout-flow\" style=\"flex-basis:75%\"><h2 class=\"wp-block-post-title\"><a href=\"https:\/\/bcuplock.pl\/?p=1370\" target=\"_self\" >Rekrutacja na szkolenie ATEX (23\u201326 lutego 2026 r.) zako\u0144czona!<\/a><\/h2><\/div>\n<\/div>\n\n<\/li><\/ul><\/div>\n\n\n\n<div style=\"height:35px\" aria-hidden=\"true\" class=\"wp-block-spacer\"><\/div>\n\n\n\n<div class=\"wp-block-buttons is-content-justification-center is-layout-flex wp-container-core-buttons-is-layout-16018d1d wp-block-buttons-is-layout-flex\">\n<div class=\"wp-block-button\"><a class=\"wp-block-button__link has-background has-text-align-left wp-element-button\" href=\"https:\/\/bcuplock.pl\/?page_id=360\" style=\"background-color:#c6351f\">Wi\u0119cej aktualno\u015bci<\/a><\/div>\n<\/div>\n\n\n\n<p><\/p>\n","protected":false},"excerpt":{"rendered":"<p>Aktualno\u015bci<\/p>\n","protected":false},"author":1,"featured_media":0,"parent":0,"menu_order":0,"comment_status":"closed","ping_status":"closed","template":"","meta":{"_kadence_starter_templates_imported_post":false,"_kad_post_transparent":"","_kad_post_title":"","_kad_post_layout":"","_kad_post_sidebar_id":"","_kad_post_content_style":"","_kad_post_vertical_padding":"","_kad_post_feature":"","_kad_post_feature_position":"","_kad_post_header":false,"_kad_post_footer":false,"_kad_post_classname":"","footnotes":""},"class_list":["post-1161","page","type-page","status-publish","hentry"],"yoast_head":"<!-- This site is optimized with the Yoast SEO plugin v27.0 - https:\/\/yoast.com\/product\/yoast-seo-wordpress\/ -->\n<title>Strona g\u0142\u00f3wna - Bran\u017cowe Centrum Umiej\u0119tno\u015bci w dziedzinie Przemys\u0142 petrochemiczny<\/title>\n<meta name=\"robots\" content=\"index, follow, max-snippet:-1, max-image-preview:large, max-video-preview:-1\" \/>\n<link rel=\"canonical\" href=\"https:\/\/bcuplock.pl\/\" \/>\n<meta property=\"og:locale\" content=\"pl_PL\" \/>\n<meta property=\"og:type\" content=\"article\" \/>\n<meta property=\"og:title\" content=\"Strona g\u0142\u00f3wna - Bran\u017cowe Centrum Umiej\u0119tno\u015bci w dziedzinie Przemys\u0142 petrochemiczny\" \/>\n<meta property=\"og:description\" content=\"Aktualno\u015bci\" \/>\n<meta property=\"og:url\" content=\"https:\/\/bcuplock.pl\/\" \/>\n<meta property=\"og:site_name\" content=\"Bran\u017cowe Centrum Umiej\u0119tno\u015bci w dziedzinie Przemys\u0142 petrochemiczny\" \/>\n<meta property=\"article:modified_time\" content=\"2026-02-23T23:07:22+00:00\" \/>\n<meta property=\"og:image\" content=\"https:\/\/bcuplock.pl\/wp-content\/uploads\/2025\/11\/O_BCU-1024x640.png\" \/>\n\t<meta property=\"og:image:width\" content=\"1024\" \/>\n\t<meta property=\"og:image:height\" content=\"640\" \/>\n\t<meta property=\"og:image:type\" content=\"image\/png\" \/>\n<meta name=\"twitter:card\" content=\"summary_large_image\" \/>\n<meta name=\"twitter:label1\" content=\"Szacowany czas czytania\" \/>\n\t<meta name=\"twitter:data1\" content=\"1 minuta\" \/>\n<script type=\"application\/ld+json\" class=\"yoast-schema-graph\">{\"@context\":\"https:\/\/schema.org\",\"@graph\":[{\"@type\":\"WebPage\",\"@id\":\"https:\/\/bcuplock.pl\/\",\"url\":\"https:\/\/bcuplock.pl\/\",\"name\":\"Strona g\u0142\u00f3wna - Bran\u017cowe Centrum Umiej\u0119tno\u015bci w dziedzinie Przemys\u0142 petrochemiczny\",\"isPartOf\":{\"@id\":\"https:\/\/bcuplock.pl\/#website\"},\"primaryImageOfPage\":{\"@id\":\"https:\/\/bcuplock.pl\/#primaryimage\"},\"image\":{\"@id\":\"https:\/\/bcuplock.pl\/#primaryimage\"},\"thumbnailUrl\":\"https:\/\/bcuplock.pl\/wp-content\/uploads\/2025\/11\/O_BCU-1024x640.png\",\"datePublished\":\"2025-11-18T00:55:55+00:00\",\"dateModified\":\"2026-02-23T23:07:22+00:00\",\"breadcrumb\":{\"@id\":\"https:\/\/bcuplock.pl\/#breadcrumb\"},\"inLanguage\":\"pl-PL\",\"potentialAction\":[{\"@type\":\"ReadAction\",\"target\":[\"https:\/\/bcuplock.pl\/\"]}]},{\"@type\":\"ImageObject\",\"inLanguage\":\"pl-PL\",\"@id\":\"https:\/\/bcuplock.pl\/#primaryimage\",\"url\":\"https:\/\/bcuplock.pl\/wp-content\/uploads\/2025\/11\/O_BCU.png\",\"contentUrl\":\"https:\/\/bcuplock.pl\/wp-content\/uploads\/2025\/11\/O_BCU.png\",\"width\":1920,\"height\":1200},{\"@type\":\"BreadcrumbList\",\"@id\":\"https:\/\/bcuplock.pl\/#breadcrumb\",\"itemListElement\":[{\"@type\":\"ListItem\",\"position\":1,\"name\":\"Strona g\u0142\u00f3wna\",\"item\":\"https:\/\/bcuplock.pl\/\"},{\"@type\":\"ListItem\",\"position\":2,\"name\":\"Strona g\u0142\u00f3wna\"}]},{\"@type\":\"WebSite\",\"@id\":\"https:\/\/bcuplock.pl\/#website\",\"url\":\"https:\/\/bcuplock.pl\/\",\"name\":\"Bran\u017cowe Centrum Umiej\u0119tno\u015bci dla bran\u017cy petrochemicznej w P\u0142ocku\",\"description\":\"BCU P\u0142ock\",\"publisher\":{\"@id\":\"https:\/\/bcuplock.pl\/#organization\"},\"potentialAction\":[{\"@type\":\"SearchAction\",\"target\":{\"@type\":\"EntryPoint\",\"urlTemplate\":\"https:\/\/bcuplock.pl\/?s={search_term_string}\"},\"query-input\":{\"@type\":\"PropertyValueSpecification\",\"valueRequired\":true,\"valueName\":\"search_term_string\"}}],\"inLanguage\":\"pl-PL\"},{\"@type\":\"Organization\",\"@id\":\"https:\/\/bcuplock.pl\/#organization\",\"name\":\"Bran\u017cowe Centrum Umiej\u0119tno\u015bci dla bran\u017cy petrochemicznej w P\u0142ocku\",\"url\":\"https:\/\/bcuplock.pl\/\",\"logo\":{\"@type\":\"ImageObject\",\"inLanguage\":\"pl-PL\",\"@id\":\"https:\/\/bcuplock.pl\/#\/schema\/logo\/image\/\",\"url\":\"https:\/\/bcuplock.pl\/wp-content\/uploads\/2025\/09\/BCU_logo_v11.png\",\"contentUrl\":\"https:\/\/bcuplock.pl\/wp-content\/uploads\/2025\/09\/BCU_logo_v11.png\",\"width\":2062,\"height\":769,\"caption\":\"Bran\u017cowe Centrum Umiej\u0119tno\u015bci dla bran\u017cy petrochemicznej w P\u0142ocku\"},\"image\":{\"@id\":\"https:\/\/bcuplock.pl\/#\/schema\/logo\/image\/\"}}]}<\/script>\n<!-- \/ Yoast SEO plugin. -->","yoast_head_json":{"title":"Strona g\u0142\u00f3wna - Bran\u017cowe Centrum Umiej\u0119tno\u015bci w dziedzinie Przemys\u0142 petrochemiczny","robots":{"index":"index","follow":"follow","max-snippet":"max-snippet:-1","max-image-preview":"max-image-preview:large","max-video-preview":"max-video-preview:-1"},"canonical":"https:\/\/bcuplock.pl\/","og_locale":"pl_PL","og_type":"article","og_title":"Strona g\u0142\u00f3wna - Bran\u017cowe Centrum Umiej\u0119tno\u015bci w dziedzinie Przemys\u0142 petrochemiczny","og_description":"Aktualno\u015bci","og_url":"https:\/\/bcuplock.pl\/","og_site_name":"Bran\u017cowe Centrum Umiej\u0119tno\u015bci w dziedzinie Przemys\u0142 petrochemiczny","article_modified_time":"2026-02-23T23:07:22+00:00","og_image":[{"width":1024,"height":640,"url":"https:\/\/bcuplock.pl\/wp-content\/uploads\/2025\/11\/O_BCU-1024x640.png","type":"image\/png"}],"twitter_card":"summary_large_image","twitter_misc":{"Szacowany czas czytania":"1 minuta"},"schema":{"@context":"https:\/\/schema.org","@graph":[{"@type":"WebPage","@id":"https:\/\/bcuplock.pl\/","url":"https:\/\/bcuplock.pl\/","name":"Strona g\u0142\u00f3wna - Bran\u017cowe Centrum Umiej\u0119tno\u015bci w dziedzinie Przemys\u0142 petrochemiczny","isPartOf":{"@id":"https:\/\/bcuplock.pl\/#website"},"primaryImageOfPage":{"@id":"https:\/\/bcuplock.pl\/#primaryimage"},"image":{"@id":"https:\/\/bcuplock.pl\/#primaryimage"},"thumbnailUrl":"https:\/\/bcuplock.pl\/wp-content\/uploads\/2025\/11\/O_BCU-1024x640.png","datePublished":"2025-11-18T00:55:55+00:00","dateModified":"2026-02-23T23:07:22+00:00","breadcrumb":{"@id":"https:\/\/bcuplock.pl\/#breadcrumb"},"inLanguage":"pl-PL","potentialAction":[{"@type":"ReadAction","target":["https:\/\/bcuplock.pl\/"]}]},{"@type":"ImageObject","inLanguage":"pl-PL","@id":"https:\/\/bcuplock.pl\/#primaryimage","url":"https:\/\/bcuplock.pl\/wp-content\/uploads\/2025\/11\/O_BCU.png","contentUrl":"https:\/\/bcuplock.pl\/wp-content\/uploads\/2025\/11\/O_BCU.png","width":1920,"height":1200},{"@type":"BreadcrumbList","@id":"https:\/\/bcuplock.pl\/#breadcrumb","itemListElement":[{"@type":"ListItem","position":1,"name":"Strona g\u0142\u00f3wna","item":"https:\/\/bcuplock.pl\/"},{"@type":"ListItem","position":2,"name":"Strona g\u0142\u00f3wna"}]},{"@type":"WebSite","@id":"https:\/\/bcuplock.pl\/#website","url":"https:\/\/bcuplock.pl\/","name":"Bran\u017cowe Centrum Umiej\u0119tno\u015bci dla bran\u017cy petrochemicznej w P\u0142ocku","description":"BCU P\u0142ock","publisher":{"@id":"https:\/\/bcuplock.pl\/#organization"},"potentialAction":[{"@type":"SearchAction","target":{"@type":"EntryPoint","urlTemplate":"https:\/\/bcuplock.pl\/?s={search_term_string}"},"query-input":{"@type":"PropertyValueSpecification","valueRequired":true,"valueName":"search_term_string"}}],"inLanguage":"pl-PL"},{"@type":"Organization","@id":"https:\/\/bcuplock.pl\/#organization","name":"Bran\u017cowe Centrum Umiej\u0119tno\u015bci dla bran\u017cy petrochemicznej w P\u0142ocku","url":"https:\/\/bcuplock.pl\/","logo":{"@type":"ImageObject","inLanguage":"pl-PL","@id":"https:\/\/bcuplock.pl\/#\/schema\/logo\/image\/","url":"https:\/\/bcuplock.pl\/wp-content\/uploads\/2025\/09\/BCU_logo_v11.png","contentUrl":"https:\/\/bcuplock.pl\/wp-content\/uploads\/2025\/09\/BCU_logo_v11.png","width":2062,"height":769,"caption":"Bran\u017cowe Centrum Umiej\u0119tno\u015bci dla bran\u017cy petrochemicznej w P\u0142ocku"},"image":{"@id":"https:\/\/bcuplock.pl\/#\/schema\/logo\/image\/"}}]}},"_links":{"self":[{"href":"https:\/\/bcuplock.pl\/index.php?rest_route=\/wp\/v2\/pages\/1161","targetHints":{"allow":["GET"]}}],"collection":[{"href":"https:\/\/bcuplock.pl\/index.php?rest_route=\/wp\/v2\/pages"}],"about":[{"href":"https:\/\/bcuplock.pl\/index.php?rest_route=\/wp\/v2\/types\/page"}],"author":[{"embeddable":true,"href":"https:\/\/bcuplock.pl\/index.php?rest_route=\/wp\/v2\/users\/1"}],"replies":[{"embeddable":true,"href":"https:\/\/bcuplock.pl\/index.php?rest_route=%2Fwp%2Fv2%2Fcomments&post=1161"}],"version-history":[{"count":33,"href":"https:\/\/bcuplock.pl\/index.php?rest_route=\/wp\/v2\/pages\/1161\/revisions"}],"predecessor-version":[{"id":1377,"href":"https:\/\/bcuplock.pl\/index.php?rest_route=\/wp\/v2\/pages\/1161\/revisions\/1377"}],"wp:attachment":[{"href":"https:\/\/bcuplock.pl\/index.php?rest_route=%2Fwp%2Fv2%2Fmedia&parent=1161"}],"curies":[{"name":"wp","href":"https:\/\/api.w.org\/{rel}","templated":true}]}}