{"id":1431,"date":"2026-04-24T11:41:46","date_gmt":"2026-04-24T09:41:46","guid":{"rendered":"https:\/\/bcuplock.pl\/?page_id=1431"},"modified":"2026-04-24T11:44:55","modified_gmt":"2026-04-24T09:44:55","slug":"dla-nauczycieli","status":"publish","type":"page","link":"https:\/\/bcuplock.pl\/?page_id=1431","title":{"rendered":"Dla nauczycieli"},"content":{"rendered":"<div class=\"breadcrumbs align  wp-block-bcn-breadcrumb-trail has-text-color has-background\" vocab=\"https:\/\/schema.org\/\" typeof=\"BreadcrumbList\">\n\t<span><\/span>\n\t<span property=\"itemListElement\" typeof=\"ListItem\"><a property=\"item\" typeof=\"WebPage\" title=\"Przejd\u017a do Bran\u017cowe Centrum Umiej\u0119tno\u015bci w dziedzinie Przemys\u0142 petrochemiczny.\" href=\"https:\/\/bcuplock.pl\" class=\"home\" aria-current=\"page\"><span property=\"name\">Strona g\u0142\u00f3wna<\/span><\/a><meta property=\"position\" content=\"1\"><\/span><\/div>\n\n\n\n<h2 class=\"wp-block-heading\">Dla nauczycieli<\/h2>\n\n\n\n<p>Bran\u017cowe Centrum Umiej\u0119tno\u015bci w P\u0142ocku oferuje szkolenia skierowanie dla nauczycieli teoretycznych przedmiot\u00f3w zawodowych i nauczycieli praktycznej nauki zawodu, zatrudnionych w szko\u0142ach prowadz\u0105cych kszta\u0142cenie zawodowe, plac\u00f3wkach kszta\u0142cenia ustawicznego i centrach kszta\u0142cenia zawodowego, kt\u00f3rzy s\u0105 zobowi\u0105zani doskonali\u0107 umiej\u0119tno\u015bci i kwalifikacje zawodowe potrzebne do wykonywania pracy przez uczestniczenie w szkoleniach bran\u017cowych.<\/p>\n\n\n\n<p>Uczestnicy szkole\u0144 otrzymuj\u0105 certyfikat\/za\u015bwiadczenie o uko\u0144czeniu szkolenia bran\u017cowego zgodnie z Rozporz\u0105dzeniem Ministra Edukacji i Nauki z dnia 6 pa\u017adziernika 2023 r. w sprawie kszta\u0142cenia ustawicznego w formach pozaszkolnych.<\/p>\n\n\n\n<p>Przyk\u0142adowe tematy szkole\u0144 dla nauczycieli:<\/p>\n\n\n\n<ul class=\"wp-block-list\">\n<li>procesy rozdzia\u0142u<\/li>\n\n\n\n<li>wymienniki ciep\u0142a<\/li>\n\n\n\n<li>wst\u0119p do zagadnie\u0144 bezpiecze\u0144stwa procesowego<\/li>\n<\/ul>\n\n\n\n<p><\/p>\n","protected":false},"excerpt":{"rendered":"<p>Dla nauczycieli Bran\u017cowe Centrum Umiej\u0119tno\u015bci w P\u0142ocku oferuje szkolenia skierowanie dla nauczycieli teoretycznych przedmiot\u00f3w zawodowych i nauczycieli praktycznej nauki zawodu, zatrudnionych w szko\u0142ach prowadz\u0105cych kszta\u0142cenie zawodowe, plac\u00f3wkach kszta\u0142cenia ustawicznego i centrach kszta\u0142cenia zawodowego, kt\u00f3rzy s\u0105 zobowi\u0105zani doskonali\u0107 umiej\u0119tno\u015bci i kwalifikacje zawodowe potrzebne do wykonywania pracy przez uczestniczenie w szkoleniach bran\u017cowych. Uczestnicy szkole\u0144 otrzymuj\u0105 certyfikat\/za\u015bwiadczenie o&#8230;<\/p>\n","protected":false},"author":1,"featured_media":0,"parent":1005,"menu_order":0,"comment_status":"closed","ping_status":"closed","template":"","meta":{"_kadence_starter_templates_imported_post":false,"_kad_post_transparent":"","_kad_post_title":"","_kad_post_layout":"","_kad_post_sidebar_id":"","_kad_post_content_style":"","_kad_post_vertical_padding":"","_kad_post_feature":"","_kad_post_feature_position":"","_kad_post_header":false,"_kad_post_footer":false,"_kad_post_classname":"","footnotes":""},"class_list":["post-1431","page","type-page","status-publish","hentry"],"yoast_head":"<!-- This site is optimized with the Yoast SEO plugin v27.0 - https:\/\/yoast.com\/product\/yoast-seo-wordpress\/ -->\n<title>Dla nauczycieli - Bran\u017cowe Centrum Umiej\u0119tno\u015bci w dziedzinie Przemys\u0142 petrochemiczny<\/title>\n<meta name=\"robots\" content=\"index, follow, max-snippet:-1, max-image-preview:large, max-video-preview:-1\" \/>\n<link rel=\"canonical\" href=\"https:\/\/bcuplock.pl\/?page_id=1431\" \/>\n<meta property=\"og:locale\" content=\"pl_PL\" \/>\n<meta property=\"og:type\" content=\"article\" \/>\n<meta property=\"og:title\" content=\"Dla nauczycieli - Bran\u017cowe Centrum Umiej\u0119tno\u015bci w dziedzinie Przemys\u0142 petrochemiczny\" \/>\n<meta property=\"og:description\" content=\"Dla nauczycieli Bran\u017cowe Centrum Umiej\u0119tno\u015bci w P\u0142ocku oferuje szkolenia skierowanie dla nauczycieli teoretycznych przedmiot\u00f3w zawodowych i nauczycieli praktycznej nauki zawodu, zatrudnionych w szko\u0142ach prowadz\u0105cych kszta\u0142cenie zawodowe, plac\u00f3wkach kszta\u0142cenia ustawicznego i centrach kszta\u0142cenia zawodowego, kt\u00f3rzy s\u0105 zobowi\u0105zani doskonali\u0107 umiej\u0119tno\u015bci i kwalifikacje zawodowe potrzebne do wykonywania pracy przez uczestniczenie w szkoleniach bran\u017cowych. Uczestnicy szkole\u0144 otrzymuj\u0105 certyfikat\/za\u015bwiadczenie o...\" \/>\n<meta property=\"og:url\" content=\"https:\/\/bcuplock.pl\/?page_id=1431\" \/>\n<meta property=\"og:site_name\" content=\"Bran\u017cowe Centrum Umiej\u0119tno\u015bci w dziedzinie Przemys\u0142 petrochemiczny\" \/>\n<meta property=\"article:modified_time\" content=\"2026-04-24T09:44:55+00:00\" \/>\n<meta name=\"twitter:card\" content=\"summary_large_image\" \/>\n<meta name=\"twitter:label1\" content=\"Szacowany czas czytania\" \/>\n\t<meta name=\"twitter:data1\" content=\"1 minuta\" \/>\n<script type=\"application\/ld+json\" class=\"yoast-schema-graph\">{\"@context\":\"https:\/\/schema.org\",\"@graph\":[{\"@type\":\"WebPage\",\"@id\":\"https:\/\/bcuplock.pl\/?page_id=1431\",\"url\":\"https:\/\/bcuplock.pl\/?page_id=1431\",\"name\":\"Dla nauczycieli - Bran\u017cowe Centrum Umiej\u0119tno\u015bci w dziedzinie Przemys\u0142 petrochemiczny\",\"isPartOf\":{\"@id\":\"https:\/\/bcuplock.pl\/#website\"},\"datePublished\":\"2026-04-24T09:41:46+00:00\",\"dateModified\":\"2026-04-24T09:44:55+00:00\",\"breadcrumb\":{\"@id\":\"https:\/\/bcuplock.pl\/?page_id=1431#breadcrumb\"},\"inLanguage\":\"pl-PL\",\"potentialAction\":[{\"@type\":\"ReadAction\",\"target\":[\"https:\/\/bcuplock.pl\/?page_id=1431\"]}]},{\"@type\":\"BreadcrumbList\",\"@id\":\"https:\/\/bcuplock.pl\/?page_id=1431#breadcrumb\",\"itemListElement\":[{\"@type\":\"ListItem\",\"position\":1,\"name\":\"Strona g\u0142\u00f3wna\",\"item\":\"https:\/\/bcuplock.pl\/\"},{\"@type\":\"ListItem\",\"position\":2,\"name\":\"OFERTA\",\"item\":\"https:\/\/bcuplock.pl\/?page_id=1005\"},{\"@type\":\"ListItem\",\"position\":3,\"name\":\"Dla nauczycieli\"}]},{\"@type\":\"WebSite\",\"@id\":\"https:\/\/bcuplock.pl\/#website\",\"url\":\"https:\/\/bcuplock.pl\/\",\"name\":\"Bran\u017cowe Centrum Umiej\u0119tno\u015bci dla bran\u017cy petrochemicznej w P\u0142ocku\",\"description\":\"BCU P\u0142ock\",\"publisher\":{\"@id\":\"https:\/\/bcuplock.pl\/#organization\"},\"potentialAction\":[{\"@type\":\"SearchAction\",\"target\":{\"@type\":\"EntryPoint\",\"urlTemplate\":\"https:\/\/bcuplock.pl\/?s={search_term_string}\"},\"query-input\":{\"@type\":\"PropertyValueSpecification\",\"valueRequired\":true,\"valueName\":\"search_term_string\"}}],\"inLanguage\":\"pl-PL\"},{\"@type\":\"Organization\",\"@id\":\"https:\/\/bcuplock.pl\/#organization\",\"name\":\"Bran\u017cowe Centrum Umiej\u0119tno\u015bci dla bran\u017cy petrochemicznej w P\u0142ocku\",\"url\":\"https:\/\/bcuplock.pl\/\",\"logo\":{\"@type\":\"ImageObject\",\"inLanguage\":\"pl-PL\",\"@id\":\"https:\/\/bcuplock.pl\/#\/schema\/logo\/image\/\",\"url\":\"https:\/\/bcuplock.pl\/wp-content\/uploads\/2025\/09\/BCU_logo_v11.png\",\"contentUrl\":\"https:\/\/bcuplock.pl\/wp-content\/uploads\/2025\/09\/BCU_logo_v11.png\",\"width\":2062,\"height\":769,\"caption\":\"Bran\u017cowe Centrum Umiej\u0119tno\u015bci dla bran\u017cy petrochemicznej w P\u0142ocku\"},\"image\":{\"@id\":\"https:\/\/bcuplock.pl\/#\/schema\/logo\/image\/\"}}]}<\/script>\n<!-- \/ Yoast SEO plugin. -->","yoast_head_json":{"title":"Dla nauczycieli - Bran\u017cowe Centrum Umiej\u0119tno\u015bci w dziedzinie Przemys\u0142 petrochemiczny","robots":{"index":"index","follow":"follow","max-snippet":"max-snippet:-1","max-image-preview":"max-image-preview:large","max-video-preview":"max-video-preview:-1"},"canonical":"https:\/\/bcuplock.pl\/?page_id=1431","og_locale":"pl_PL","og_type":"article","og_title":"Dla nauczycieli - Bran\u017cowe Centrum Umiej\u0119tno\u015bci w dziedzinie Przemys\u0142 petrochemiczny","og_description":"Dla nauczycieli Bran\u017cowe Centrum Umiej\u0119tno\u015bci w P\u0142ocku oferuje szkolenia skierowanie dla nauczycieli teoretycznych przedmiot\u00f3w zawodowych i nauczycieli praktycznej nauki zawodu, zatrudnionych w szko\u0142ach prowadz\u0105cych kszta\u0142cenie zawodowe, plac\u00f3wkach kszta\u0142cenia ustawicznego i centrach kszta\u0142cenia zawodowego, kt\u00f3rzy s\u0105 zobowi\u0105zani doskonali\u0107 umiej\u0119tno\u015bci i kwalifikacje zawodowe potrzebne do wykonywania pracy przez uczestniczenie w szkoleniach bran\u017cowych. Uczestnicy szkole\u0144 otrzymuj\u0105 certyfikat\/za\u015bwiadczenie o...","og_url":"https:\/\/bcuplock.pl\/?page_id=1431","og_site_name":"Bran\u017cowe Centrum Umiej\u0119tno\u015bci w dziedzinie Przemys\u0142 petrochemiczny","article_modified_time":"2026-04-24T09:44:55+00:00","twitter_card":"summary_large_image","twitter_misc":{"Szacowany czas czytania":"1 minuta"},"schema":{"@context":"https:\/\/schema.org","@graph":[{"@type":"WebPage","@id":"https:\/\/bcuplock.pl\/?page_id=1431","url":"https:\/\/bcuplock.pl\/?page_id=1431","name":"Dla nauczycieli - Bran\u017cowe Centrum Umiej\u0119tno\u015bci w dziedzinie Przemys\u0142 petrochemiczny","isPartOf":{"@id":"https:\/\/bcuplock.pl\/#website"},"datePublished":"2026-04-24T09:41:46+00:00","dateModified":"2026-04-24T09:44:55+00:00","breadcrumb":{"@id":"https:\/\/bcuplock.pl\/?page_id=1431#breadcrumb"},"inLanguage":"pl-PL","potentialAction":[{"@type":"ReadAction","target":["https:\/\/bcuplock.pl\/?page_id=1431"]}]},{"@type":"BreadcrumbList","@id":"https:\/\/bcuplock.pl\/?page_id=1431#breadcrumb","itemListElement":[{"@type":"ListItem","position":1,"name":"Strona g\u0142\u00f3wna","item":"https:\/\/bcuplock.pl\/"},{"@type":"ListItem","position":2,"name":"OFERTA","item":"https:\/\/bcuplock.pl\/?page_id=1005"},{"@type":"ListItem","position":3,"name":"Dla nauczycieli"}]},{"@type":"WebSite","@id":"https:\/\/bcuplock.pl\/#website","url":"https:\/\/bcuplock.pl\/","name":"Bran\u017cowe Centrum Umiej\u0119tno\u015bci dla bran\u017cy petrochemicznej w P\u0142ocku","description":"BCU P\u0142ock","publisher":{"@id":"https:\/\/bcuplock.pl\/#organization"},"potentialAction":[{"@type":"SearchAction","target":{"@type":"EntryPoint","urlTemplate":"https:\/\/bcuplock.pl\/?s={search_term_string}"},"query-input":{"@type":"PropertyValueSpecification","valueRequired":true,"valueName":"search_term_string"}}],"inLanguage":"pl-PL"},{"@type":"Organization","@id":"https:\/\/bcuplock.pl\/#organization","name":"Bran\u017cowe Centrum Umiej\u0119tno\u015bci dla bran\u017cy petrochemicznej w P\u0142ocku","url":"https:\/\/bcuplock.pl\/","logo":{"@type":"ImageObject","inLanguage":"pl-PL","@id":"https:\/\/bcuplock.pl\/#\/schema\/logo\/image\/","url":"https:\/\/bcuplock.pl\/wp-content\/uploads\/2025\/09\/BCU_logo_v11.png","contentUrl":"https:\/\/bcuplock.pl\/wp-content\/uploads\/2025\/09\/BCU_logo_v11.png","width":2062,"height":769,"caption":"Bran\u017cowe Centrum Umiej\u0119tno\u015bci dla bran\u017cy petrochemicznej w P\u0142ocku"},"image":{"@id":"https:\/\/bcuplock.pl\/#\/schema\/logo\/image\/"}}]}},"_links":{"self":[{"href":"https:\/\/bcuplock.pl\/index.php?rest_route=\/wp\/v2\/pages\/1431","targetHints":{"allow":["GET"]}}],"collection":[{"href":"https:\/\/bcuplock.pl\/index.php?rest_route=\/wp\/v2\/pages"}],"about":[{"href":"https:\/\/bcuplock.pl\/index.php?rest_route=\/wp\/v2\/types\/page"}],"author":[{"embeddable":true,"href":"https:\/\/bcuplock.pl\/index.php?rest_route=\/wp\/v2\/users\/1"}],"replies":[{"embeddable":true,"href":"https:\/\/bcuplock.pl\/index.php?rest_route=%2Fwp%2Fv2%2Fcomments&post=1431"}],"version-history":[{"count":2,"href":"https:\/\/bcuplock.pl\/index.php?rest_route=\/wp\/v2\/pages\/1431\/revisions"}],"predecessor-version":[{"id":1434,"href":"https:\/\/bcuplock.pl\/index.php?rest_route=\/wp\/v2\/pages\/1431\/revisions\/1434"}],"up":[{"embeddable":true,"href":"https:\/\/bcuplock.pl\/index.php?rest_route=\/wp\/v2\/pages\/1005"}],"wp:attachment":[{"href":"https:\/\/bcuplock.pl\/index.php?rest_route=%2Fwp%2Fv2%2Fmedia&parent=1431"}],"curies":[{"name":"wp","href":"https:\/\/api.w.org\/{rel}","templated":true}]}}