{"id":216,"date":"2024-09-30T21:59:08","date_gmt":"2024-09-30T19:59:08","guid":{"rendered":"http:\/\/bcuplock.pl\/?page_id=216"},"modified":"2024-10-16T21:53:39","modified_gmt":"2024-10-16T19:53:39","slug":"polityka-prywatnosci-2","status":"publish","type":"page","link":"https:\/\/bcuplock.pl\/?page_id=216","title":{"rendered":"Polityka prywatno\u015bci"},"content":{"rendered":"\t\t<div data-elementor-type=\"wp-page\" data-elementor-id=\"216\" class=\"elementor elementor-216\">\n\t\t\t\t<div class=\"elementor-element elementor-element-2d83ee84 e-flex e-con-boxed e-con e-parent\" data-id=\"2d83ee84\" data-element_type=\"container\" data-e-type=\"container\">\n\t\t\t\t\t<div class=\"e-con-inner\">\n\t\t\t\t<div class=\"elementor-element elementor-element-131a289e elementor-widget elementor-widget-text-editor\" data-id=\"131a289e\" data-element_type=\"widget\" data-e-type=\"widget\" data-widget_type=\"text-editor.default\">\n\t\t\t\t<div class=\"elementor-widget-container\">\n\t\t\t\t\t\t\t\t\t<p><\/p>\n<h2 class=\"wp-block-heading\"><span style=\"color: #d81e05;\">Polityka Prywatno\u015bci i wykorzystywania plik\u00f3w cookies w serwisie bcuplock.pl (dalej jako &#8222;Serwis&#8221;)<\/span><\/h2>\n<p><\/p>\n<p>Administratorem oraz w\u0142a\u015bcicielem serwisu www.bcuplock.pl jest Centrum Edukacji Sp. z o.o. z siedzib\u0105 w P\u0142ocku, Al. F. Kobyli\u0144skiego 25, 09-400 P\u0142ock, wpisan\u0105 do Rejestru Przedsi\u0119biorc\u00f3w Krajowego Rejestru S\u0105dowego prowadzonego przez S\u0105d Rejonowy dla \u0141odzi-\u015ar\u00f3dmie\u015bcia w \u0141odzi XX Wydzia\u0142 Gospodarczy Krajowego Rejestru S\u0105dowego pod numerem KRS 0000099350, NIP 774-25-02-290, kapita\u0142 zak\u0142adowy\/kapita\u0142 wp\u0142acony: 1 172 800 z\u0142, adres elektroniczny: ce@centrumedukacji.pl (dalej jako: \u201eCentrum Edukacji\u201d).<\/p>\n<p><\/p>\n<p>W Serwisie mo\u017cesz znale\u017a\u0107 informacje dotycz\u0105ce aktualnych wydarze\u0144 i projekt\u00f3w realizowanych przez Bran\u017cowe Centrum Umiej\u0119tno\u015bci dla bran\u017cy petrochemicznej, zapozna\u0107 si\u0119 z tre\u015bci\u0105 komunikat\u00f3w prasowych, obejrze\u0107 materia\u0142y zdj\u0119ciowe i video, przeczyta\u0107 opis naszych produkt\u00f3w i us\u0142ug, nasze sprawozdania lub te\u017c otrzyma\u0107 najnowsze informacje oraz oferty.<\/p>\n<p><\/p>\n<p>Niniejsza polityka prywatno\u015bci zawiera informacje dotycz\u0105ce przetwarzania danych osobowych jakie mo\u017cesz nam udost\u0119pni\u0107 podczas korzystania z serwisu oraz wykorzystywania plik\u00f3w cookies w naszym serwisie. Naszym celem jest ochrona Twoich danych osobowych w Internecie. Dok\u0142adamy wszelkich stara\u0144 aby chroni\u0107 Twoj\u0105 prywatno\u015b\u0107 w trakcie korzystania z Serwisu. Stosujemy si\u0119 do uznanych mi\u0119dzynarodowych standard\u00f3w w zakresie bezpiecze\u0144stwa. Wdro\u017cyli\u015bmy ramowe polityki, procedury i szkolenia obejmuj\u0105ce ochron\u0119 danych, ich poufno\u015b\u0107 i bezpiecze\u0144stwo i regularnie dokonujemy kontroli wprowadzonych \u015brodk\u00f3w pod k\u0105tem ich adekwatno\u015bci dla zabezpieczenia posiadanych danych.<\/p>\n<p><\/p>\n<h2 class=\"wp-block-heading\"><span style=\"color: #d81e05;\">Pliki cookies<\/span><\/h2>\n<p><\/p>\n<h3 class=\"wp-block-heading\">W jakich celach wykorzystywane s\u0105 pliki cookies?<\/h3>\n<p><\/p>\n<p>Aby strona dzia\u0142a\u0142a poprawnie, czasami konieczne jest umieszczenie na Twoim urz\u0105dzeniu niewielkich plik\u00f3w danych, zwanych cookies. Informacje nt. stosowanych rodzaj\u00f3w plik\u00f3w cookie udost\u0119pniamy Tobie w formie baneru (okna).<\/p>\n<p><\/p>\n<p>W przypadku niekt\u00f3rych rodzaj\u00f3w plik\u00f3w cookie wymagana jest Twoja zgoda, kt\u00f3r\u0105 mo\u017cesz zmieni\u0107 lub odwo\u0142a\u0107 w dowolnym momencie, ustawiaj\u0105c swoje preferencje w banerze (oknie).<\/p>\n<p><\/p>\n<p>Je\u015bli wyrazisz zgod\u0119 na u\u017cywanie wszystkich rodzaj\u00f3w plik\u00f3w cookie, Twoja zgoda b\u0119dzie wa\u017cna przez 12 miesi\u0119cy, chyba \u017ce wcze\u015bniej j\u0105 zmienisz. Je\u015bli nie wyrazisz zgody, Tw\u00f3j wyb\u00f3r b\u0119dzie przechowywany przez 14 dni.<\/p>\n<p><\/p>\n<p>W plikach cookies przechowuje si\u0119 informacje, kt\u00f3rych Serwis mo\u017ce potrzebowa\u0107, aby:<\/p>\n<p><\/p>\n<ul class=\"wp-block-list\">\n<li style=\"list-style-type: none;\">\n<ul class=\"wp-block-list\"><\/ul>\n<\/li>\n<\/ul>\n<ul class=\"wp-block-list\">\n<li style=\"list-style-type: none;\">\n<ul class=\"wp-block-list\">\n<li>dostosowa\u0107 si\u0119 do sposob\u00f3w korzystania z niego przez u\u017cytkownik\u00f3w,<\/li>\n<\/ul>\n<\/li>\n<\/ul>\n<p><\/p>\n<ul class=\"wp-block-list\">\n<li style=\"list-style-type: none;\">\n<ul class=\"wp-block-list\">\n<li>zbiera\u0107 dane statystyczne dotycz\u0105ce Serwisu, np. na temat tego, kt\u00f3re strony by\u0142y odwiedzane, jakie elementy s\u0105 pobierane, oraz dane o nazwie domeny dostawcy us\u0142ug internetowych czy kraju pochodzenia osoby odwiedzaj\u0105cej.<\/li>\n<\/ul>\n<\/li>\n<\/ul>\n<p><\/p>\n<p><\/p>\n<h2 class=\"wp-block-heading\"><span style=\"color: #d81e05;\">I. ZASADY OCHRONY DANYCH OSOBOWYCH<\/span><\/h2>\n<p><\/p>\n<h3 class=\"wp-block-heading\">Jak przetwarzamy dane osobowe w ramach Serwisu?<\/h3>\n<p><\/p>\n<p>Centrum Edukacji Sp. z o.o. z siedzib\u0105 w P\u0142ocku, Al. F. Kobyli\u0144skiego 25 informuje, \u017ce jest administratorem danych osobowych u\u017cytkownika Serwisu. Kontaktowy numer telefonu do Centrum Edukacji Sp. z o.o.: +48 24 365 86 12.<\/p>\n<p><\/p>\n<h3 class=\"wp-block-heading\">Inspektor ochrony danych<\/h3>\n<p><\/p>\n<p>Centrum Edukacji Sp. z o.o. wyznaczy\u0142a inspektora ochrony danych, z kt\u00f3rym mo\u017cna si\u0119 kontaktowa\u0107 we wszystkich sprawach dotycz\u0105cych przetwarzania danych osobowych oraz korzystania z praw zwi\u0105zanych z przetwarzaniem danych. Je\u017celi chcesz skontaktowa\u0107 si\u0119 z Inspektorem ochrony danych skorzystaj prosz\u0119 z nast\u0119puj\u0105cych danych kontaktowych:<\/p>\n<p><\/p>\n<ul class=\"wp-block-list\">\n<li style=\"list-style-type: none;\">\n<ul class=\"wp-block-list\"><\/ul>\n<\/li>\n<\/ul>\n<ul class=\"wp-block-list\">\n<li style=\"list-style-type: none;\">\n<ul class=\"wp-block-list\">\n<li>adres: adres siedziby Centrum Edukacji Sp. z o.o. z dopiskiem \u201eInspektor Ochrony Danych\u201d<\/li>\n<\/ul>\n<\/li>\n<\/ul>\n<p><\/p>\n<ul class=\"wp-block-list\">\n<li style=\"list-style-type: none;\">\n<ul class=\"wp-block-list\">\n<li>adres email: daneosobowe@centrumedukacji.pl<\/li>\n<\/ul>\n<\/li>\n<\/ul>\n<p><\/p>\n<p><\/p>\n<h3 class=\"wp-block-heading\">W jakich celach s\u0105 przetwarzane Twoje dane osobowe?<\/h3>\n<p><\/p>\n<p>Twoje dane b\u0119d\u0105 przetwarzane do celu realizacji us\u0142ug Centrum Edukacji Sp. z o.o. Twoje dane mog\u0105 by\u0107 tak\u017ce przetwarzane w celu dostosowania Serwisu do sposob\u00f3w korzystania, pomiar\u00f3w statystycznych i udoskonalenia us\u0142ug Centrum Edukacji oraz w celu odpowiedzi na Twoje zapytanie a tak\u017ce wykrywania nadu\u017cy\u0107. Dodatkowo Twoje dane mog\u0105 by\u0107 przetwarzane za Twoj\u0105 zgod\u0105 w celu wysy\u0142ania zam\u00f3wionych informacji z Serwisu<\/p>\n<p><\/p>\n<h3 class=\"wp-block-heading\">Przez jaki okres b\u0119d\u0105 przechowywane Twoje dane osobowe?<\/h3>\n<p><\/p>\n<p>W odniesieniu do us\u0142ug Centrum Edukacji Sp. z o.o. Twoje dane b\u0119d\u0105 przetwarzane przez okres, w kt\u00f3rym us\u0142ugi te b\u0119d\u0105 \u015bwiadczone oraz, czasami, po zako\u0144czeniu ich \u015bwiadczenia, jednak wy\u0142\u0105cznie je\u017celi jest dozwolone lub wymagane w \u015bwietle obowi\u0105zuj\u0105cego prawa np. przetwarzanie w celach statystycznych, rozliczeniowych lub w celu dochodzenia roszcze\u0144. W takim przypadku dane b\u0119d\u0105 przetwarzane przez okres niezb\u0119dny do realizacji tego typu cel\u00f3w lub do momentu wyra\u017cenia sprzeciwu lub do czasu zako\u0144czenia korzystania przez Ciebie z us\u0142ug Serwisu.<\/p>\n<p><\/p>\n<p>Je\u017celi chodzi o dane osobowe przetwarzane za Twoj\u0105 zgod\u0105, np. w celu wysy\u0142ania zam\u00f3wionych informacji z Serwisu dane te b\u0119d\u0105 przetwarzane do casu wycofania zgody.<\/p>\n<p><\/p>\n<h3 class=\"wp-block-heading\">Jaka jest podstawa prawna przetwarzania Twoich danych osobowych?<\/h3>\n<p><\/p>\n<p>W odniesieniu do us\u0142ug Centrum Edukacji w ramach Serwisu Twoje dane b\u0119d\u0105 przetwarzane na podstawie art. 6 ust. 1 lit b) RODO (jest to niezb\u0119dne do wykonania umowy, kt\u00f3rej stron\u0105 jest osoba, kt\u00f3rej dane dotycz\u0105).<\/p>\n<p><\/p>\n<p>Je\u017celi chodzi o dopasowanie Serwisu do sposob\u00f3w korzystania oraz prowadzenie marketingu produkt\u00f3w lub us\u0142ug w\u0142asnych Centrum Edukacji oraz pomiary statystyczne i udoskonalenie us\u0142ug, udzielenia odpowiedzi na zg\u0142oszenia Twoje dane b\u0119d\u0105 przetwarzane na podstawie art. 6 ust. 1 lit. f) RODO (prawnie uzasadniony interes Centrum Edukacji). Prawnie uzasadnionym interesem administratora jest dopasowanie tre\u015bci Serwisu do Twoich potrzeb, zapewnienie bezpiecze\u0144stwa tych us\u0142ug, a tak\u017ce ich ci\u0105g\u0142e udoskonalanie.<\/p>\n<p><\/p>\n<p>W odniesieniu do wysy\u0142ania zam\u00f3wionych informacji z Serwisu na podane w ramach Serwisu dane osobowe, to podstaw\u0105 ich przetwarzania jest art. 6 ust. 1 lit. a) RODO (zgoda).<\/p>\n<p><\/p>\n<h3 class=\"wp-block-heading\">Wym\u00f3g podania danych<\/h3>\n<p><\/p>\n<p>Podanie danych w celu realizacji us\u0142ug Centrum Edukacji jest niezb\u0119dne do \u015bwiadczenia tych us\u0142ug. W razie niepodania tych danych us\u0142uga nie b\u0119dzie mog\u0142a by\u0107 \u015bwiadczona.<\/p>\n<p><\/p>\n<p>Przetwarzanie danych w pozosta\u0142ych celach tj. dopasowanie tre\u015bci Serwisu do Twoich zainteresowa\u0144, pomiar\u00f3w statystycznych i udoskonalenia us\u0142ug w ramach Serwisu jest niezb\u0119dne w celu zapewnienia wysokiej jako\u015bci us\u0142ug. Niezebranie Twoich danych osobowych w tych celach mo\u017ce uniemo\u017cliwi\u0107 poprawne \u015bwiadczenie us\u0142ug.<\/p>\n<p><\/p>\n<h3 class=\"wp-block-heading\">Do jakich odbiorc\u00f3w przekazywane b\u0119d\u0105 Twoje dane osobowe?<\/h3>\n<p><\/p>\n<p>Twoje dane mog\u0105 by\u0107 przekazywane podmiotom przetwarzaj\u0105cym dane osobowe na zlecenie administratora m.in. dostawcom us\u0142ug IT, agencjom marketingowym \u2013 przy czym takie podmioty przetwarzaj\u0105 dane na podstawie umowy z administratorem i wy\u0142\u0105cznie zgodnie z poleceniami administratora.<\/p>\n<p><\/p>\n<h3 class=\"wp-block-heading\">Jakie s\u0105 Twoje prawa zwi\u0105zane z przetwarzaniem danych osobowych?<\/h3>\n<p><\/p>\n<p>Przys\u0142uguj\u0105 Ci nast\u0119puj\u0105ce prawa w zwi\u0105zku z przetwarzaniem przez Nas Twoich danych osobowych:<\/p>\n<p><\/p>\n<ul class=\"wp-block-list\">\n<li style=\"list-style-type: none;\">\n<ul class=\"wp-block-list\"><\/ul>\n<\/li>\n<\/ul>\n<ul class=\"wp-block-list\">\n<li style=\"list-style-type: none;\">\n<ul class=\"wp-block-list\">\n<li>prawo dost\u0119pu do Twoich danych,<\/li>\n<\/ul>\n<\/li>\n<\/ul>\n<p><\/p>\n<ul class=\"wp-block-list\">\n<li style=\"list-style-type: none;\">\n<ul class=\"wp-block-list\">\n<li>prawo \u017c\u0105dania sprostowania danych,<\/li>\n<\/ul>\n<\/li>\n<\/ul>\n<p><\/p>\n<ul class=\"wp-block-list\">\n<li style=\"list-style-type: none;\">\n<ul class=\"wp-block-list\">\n<li>prawo do usuni\u0119cia danych (w okre\u015blonych sytuacjach),<\/li>\n<\/ul>\n<\/li>\n<\/ul>\n<p><\/p>\n<ul class=\"wp-block-list\">\n<li style=\"list-style-type: none;\">\n<ul class=\"wp-block-list\">\n<li>prawo wniesienia skargi do organu nadzorczego zajmuj\u0105cego si\u0119 ochron\u0105 danych osobowych,<\/li>\n<\/ul>\n<\/li>\n<\/ul>\n<p><\/p>\n<ul class=\"wp-block-list\">\n<li style=\"list-style-type: none;\">\n<ul class=\"wp-block-list\">\n<li>prawo do ograniczenia przetwarzania danych.<\/li>\n<\/ul>\n<\/li>\n<\/ul>\n<p><\/p>\n<p><\/p>\n<p>Je\u017celi Twoje dane s\u0105 przetwarzane na podstawie zgody lub w ramach \u015bwiadczonej us\u0142ugi (dane s\u0105 niezb\u0119dne w celu \u015bwiadczenia us\u0142ugi) mo\u017cesz dodatkowo skorzysta\u0107 z poni\u017cszych praw:<\/p>\n<p><\/p>\n<ul class=\"wp-block-list\">\n<li style=\"list-style-type: none;\">\n<ul class=\"wp-block-list\"><\/ul>\n<\/li>\n<\/ul>\n<ul class=\"wp-block-list\">\n<li style=\"list-style-type: none;\">\n<ul class=\"wp-block-list\">\n<li>prawo do wycofania zgody w zakresie w jakim s\u0105 przetwarzane na tej podstawie. Wycofanie zgody nie ma wp\u0142ywu na zgodno\u015b\u0107 z prawem przetwarzania, kt\u00f3rego dokonano na podstawie zgody przed jej wycofaniem.<\/li>\n<\/ul>\n<\/li>\n<\/ul>\n<p><\/p>\n<ul class=\"wp-block-list\">\n<li style=\"list-style-type: none;\">\n<ul class=\"wp-block-list\">\n<li>prawo do przenoszenia danych osobowych, tj. do otrzymania od administratora Twoich danych osobowych, w ustrukturyzowanym, powszechnie u\u017cywanym formacie nadaj\u0105cym si\u0119 do odczytu maszynowego. Mo\u017cesz przes\u0142a\u0107 te dane innemu administratorowi danych.<\/li>\n<\/ul>\n<\/li>\n<\/ul>\n<p><\/p>\n<p><\/p>\n<p>W celu skorzystania z powy\u017cszych praw nale\u017cy skontaktowa\u0107 si\u0119 z administratorem danych lub z inspektorem ochrony danych. Dane kontaktowe wskazane s\u0105 wy\u017cej.<\/p>\n<p><\/p>\n<p>Jednocze\u015bnie informujemy, \u017ce przys\u0142uguje Tobie prawo do wniesienia skargi do Prezesa Urz\u0119du Ochrony Danych Osobowych.<\/p>\n<p><\/p>\n<h2 class=\"wp-block-heading\"><span style=\"color: #d81e05;\">II. POSTANOWIENIA KO\u0143COWE<\/span><\/h2>\n<p><\/p>\n<p>Us\u0142ugi i funkcje w ramach Serwisu b\u0119d\u0105 z czasem ulega\u0107 rozszerzeniu. Oznacza to m.in., \u017ce w przysz\u0142o\u015bci Centrum Edukacji Sp. z o.o. mo\u017ce wprowadzi\u0107 zmiany w niniejszym dokumencie. Og\u0142oszenie zmian nast\u0105pi w ten spos\u00f3b, \u017ce informacj\u0119 o zmianach w Polityce Prywatno\u015bci zostan\u0105 umieszczone w ramach Serwisu. Wraz z ka\u017cd\u0105 zmian\u0105, nowa wersja Polityki Prywatno\u015bci b\u0119dzie si\u0119 pojawia\u0107 z now\u0105 dat\u0105. Wszelkie najistotniejsze zmiany b\u0119d\u0105 odpowiednio wyr\u00f3\u017cnione. Niniejszy dokument ma charakter informacyjny.<\/p>\n<p><\/p>\t\t\t\t\t\t\t\t<\/div>\n\t\t\t\t<\/div>\n\t\t\t\t\t<\/div>\n\t\t\t\t<\/div>\n\t\t\t\t<\/div>\n\t\t","protected":false},"excerpt":{"rendered":"<p>Polityka Prywatno\u015bci i wykorzystywania plik\u00f3w cookies w serwisie bcuplock.pl (dalej jako &#8222;Serwis&#8221;) Administratorem oraz w\u0142a\u015bcicielem serwisu www.bcuplock.pl jest Centrum Edukacji Sp. z o.o. z siedzib\u0105 w P\u0142ocku, Al. F. Kobyli\u0144skiego 25, 09-400 P\u0142ock, wpisan\u0105 do Rejestru Przedsi\u0119biorc\u00f3w Krajowego Rejestru S\u0105dowego prowadzonego przez S\u0105d Rejonowy dla \u0141odzi-\u015ar\u00f3dmie\u015bcia w \u0141odzi XX Wydzia\u0142 Gospodarczy Krajowego Rejestru S\u0105dowego pod&#8230;<\/p>\n","protected":false},"author":1,"featured_media":0,"parent":0,"menu_order":0,"comment_status":"closed","ping_status":"closed","template":"","meta":{"_kadence_starter_templates_imported_post":false,"_kad_post_transparent":"","_kad_post_title":"","_kad_post_layout":"","_kad_post_sidebar_id":"","_kad_post_content_style":"","_kad_post_vertical_padding":"","_kad_post_feature":"","_kad_post_feature_position":"","_kad_post_header":false,"_kad_post_footer":false,"_kad_post_classname":"","footnotes":""},"class_list":["post-216","page","type-page","status-publish","hentry"],"yoast_head":"<!-- This site is optimized with the Yoast SEO plugin v27.0 - https:\/\/yoast.com\/product\/yoast-seo-wordpress\/ -->\n<title>Polityka prywatno\u015bci - Bran\u017cowe Centrum Umiej\u0119tno\u015bci w dziedzinie Przemys\u0142 petrochemiczny<\/title>\n<meta name=\"robots\" content=\"index, follow, max-snippet:-1, max-image-preview:large, max-video-preview:-1\" \/>\n<link rel=\"canonical\" href=\"https:\/\/bcuplock.pl\/?page_id=216\" \/>\n<meta property=\"og:locale\" content=\"pl_PL\" \/>\n<meta property=\"og:type\" content=\"article\" \/>\n<meta property=\"og:title\" content=\"Polityka prywatno\u015bci - Bran\u017cowe Centrum Umiej\u0119tno\u015bci w dziedzinie Przemys\u0142 petrochemiczny\" \/>\n<meta property=\"og:description\" content=\"Polityka Prywatno\u015bci i wykorzystywania plik\u00f3w cookies w serwisie bcuplock.pl (dalej jako &#8222;Serwis&#8221;) Administratorem oraz w\u0142a\u015bcicielem serwisu www.bcuplock.pl jest Centrum Edukacji Sp. z o.o. z siedzib\u0105 w P\u0142ocku, Al. F. Kobyli\u0144skiego 25, 09-400 P\u0142ock, wpisan\u0105 do Rejestru Przedsi\u0119biorc\u00f3w Krajowego Rejestru S\u0105dowego prowadzonego przez S\u0105d Rejonowy dla \u0141odzi-\u015ar\u00f3dmie\u015bcia w \u0141odzi XX Wydzia\u0142 Gospodarczy Krajowego Rejestru S\u0105dowego pod...\" \/>\n<meta property=\"og:url\" content=\"https:\/\/bcuplock.pl\/?page_id=216\" \/>\n<meta property=\"og:site_name\" content=\"Bran\u017cowe Centrum Umiej\u0119tno\u015bci w dziedzinie Przemys\u0142 petrochemiczny\" \/>\n<meta property=\"article:modified_time\" content=\"2024-10-16T19:53:39+00:00\" \/>\n<meta name=\"twitter:card\" content=\"summary_large_image\" \/>\n<meta name=\"twitter:label1\" content=\"Szacowany czas czytania\" \/>\n\t<meta name=\"twitter:data1\" content=\"7 minut\" \/>\n<script type=\"application\/ld+json\" class=\"yoast-schema-graph\">{\"@context\":\"https:\/\/schema.org\",\"@graph\":[{\"@type\":\"WebPage\",\"@id\":\"https:\/\/bcuplock.pl\/?page_id=216\",\"url\":\"https:\/\/bcuplock.pl\/?page_id=216\",\"name\":\"Polityka prywatno\u015bci - Bran\u017cowe Centrum Umiej\u0119tno\u015bci w dziedzinie Przemys\u0142 petrochemiczny\",\"isPartOf\":{\"@id\":\"https:\/\/bcuplock.pl\/#website\"},\"datePublished\":\"2024-09-30T19:59:08+00:00\",\"dateModified\":\"2024-10-16T19:53:39+00:00\",\"breadcrumb\":{\"@id\":\"https:\/\/bcuplock.pl\/?page_id=216#breadcrumb\"},\"inLanguage\":\"pl-PL\",\"potentialAction\":[{\"@type\":\"ReadAction\",\"target\":[\"https:\/\/bcuplock.pl\/?page_id=216\"]}]},{\"@type\":\"BreadcrumbList\",\"@id\":\"https:\/\/bcuplock.pl\/?page_id=216#breadcrumb\",\"itemListElement\":[{\"@type\":\"ListItem\",\"position\":1,\"name\":\"Strona g\u0142\u00f3wna\",\"item\":\"https:\/\/bcuplock.pl\/\"},{\"@type\":\"ListItem\",\"position\":2,\"name\":\"Polityka prywatno\u015bci\"}]},{\"@type\":\"WebSite\",\"@id\":\"https:\/\/bcuplock.pl\/#website\",\"url\":\"https:\/\/bcuplock.pl\/\",\"name\":\"Bran\u017cowe Centrum Umiej\u0119tno\u015bci dla bran\u017cy petrochemicznej w P\u0142ocku\",\"description\":\"BCU P\u0142ock\",\"publisher\":{\"@id\":\"https:\/\/bcuplock.pl\/#organization\"},\"potentialAction\":[{\"@type\":\"SearchAction\",\"target\":{\"@type\":\"EntryPoint\",\"urlTemplate\":\"https:\/\/bcuplock.pl\/?s={search_term_string}\"},\"query-input\":{\"@type\":\"PropertyValueSpecification\",\"valueRequired\":true,\"valueName\":\"search_term_string\"}}],\"inLanguage\":\"pl-PL\"},{\"@type\":\"Organization\",\"@id\":\"https:\/\/bcuplock.pl\/#organization\",\"name\":\"Bran\u017cowe Centrum Umiej\u0119tno\u015bci dla bran\u017cy petrochemicznej w P\u0142ocku\",\"url\":\"https:\/\/bcuplock.pl\/\",\"logo\":{\"@type\":\"ImageObject\",\"inLanguage\":\"pl-PL\",\"@id\":\"https:\/\/bcuplock.pl\/#\/schema\/logo\/image\/\",\"url\":\"https:\/\/bcuplock.pl\/wp-content\/uploads\/2025\/09\/BCU_logo_v11.png\",\"contentUrl\":\"https:\/\/bcuplock.pl\/wp-content\/uploads\/2025\/09\/BCU_logo_v11.png\",\"width\":2062,\"height\":769,\"caption\":\"Bran\u017cowe Centrum Umiej\u0119tno\u015bci dla bran\u017cy petrochemicznej w P\u0142ocku\"},\"image\":{\"@id\":\"https:\/\/bcuplock.pl\/#\/schema\/logo\/image\/\"}}]}<\/script>\n<!-- \/ Yoast SEO plugin. -->","yoast_head_json":{"title":"Polityka prywatno\u015bci - Bran\u017cowe Centrum Umiej\u0119tno\u015bci w dziedzinie Przemys\u0142 petrochemiczny","robots":{"index":"index","follow":"follow","max-snippet":"max-snippet:-1","max-image-preview":"max-image-preview:large","max-video-preview":"max-video-preview:-1"},"canonical":"https:\/\/bcuplock.pl\/?page_id=216","og_locale":"pl_PL","og_type":"article","og_title":"Polityka prywatno\u015bci - Bran\u017cowe Centrum Umiej\u0119tno\u015bci w dziedzinie Przemys\u0142 petrochemiczny","og_description":"Polityka Prywatno\u015bci i wykorzystywania plik\u00f3w cookies w serwisie bcuplock.pl (dalej jako &#8222;Serwis&#8221;) Administratorem oraz w\u0142a\u015bcicielem serwisu www.bcuplock.pl jest Centrum Edukacji Sp. z o.o. z siedzib\u0105 w P\u0142ocku, Al. F. Kobyli\u0144skiego 25, 09-400 P\u0142ock, wpisan\u0105 do Rejestru Przedsi\u0119biorc\u00f3w Krajowego Rejestru S\u0105dowego prowadzonego przez S\u0105d Rejonowy dla \u0141odzi-\u015ar\u00f3dmie\u015bcia w \u0141odzi XX Wydzia\u0142 Gospodarczy Krajowego Rejestru S\u0105dowego pod...","og_url":"https:\/\/bcuplock.pl\/?page_id=216","og_site_name":"Bran\u017cowe Centrum Umiej\u0119tno\u015bci w dziedzinie Przemys\u0142 petrochemiczny","article_modified_time":"2024-10-16T19:53:39+00:00","twitter_card":"summary_large_image","twitter_misc":{"Szacowany czas czytania":"7 minut"},"schema":{"@context":"https:\/\/schema.org","@graph":[{"@type":"WebPage","@id":"https:\/\/bcuplock.pl\/?page_id=216","url":"https:\/\/bcuplock.pl\/?page_id=216","name":"Polityka prywatno\u015bci - Bran\u017cowe Centrum Umiej\u0119tno\u015bci w dziedzinie Przemys\u0142 petrochemiczny","isPartOf":{"@id":"https:\/\/bcuplock.pl\/#website"},"datePublished":"2024-09-30T19:59:08+00:00","dateModified":"2024-10-16T19:53:39+00:00","breadcrumb":{"@id":"https:\/\/bcuplock.pl\/?page_id=216#breadcrumb"},"inLanguage":"pl-PL","potentialAction":[{"@type":"ReadAction","target":["https:\/\/bcuplock.pl\/?page_id=216"]}]},{"@type":"BreadcrumbList","@id":"https:\/\/bcuplock.pl\/?page_id=216#breadcrumb","itemListElement":[{"@type":"ListItem","position":1,"name":"Strona g\u0142\u00f3wna","item":"https:\/\/bcuplock.pl\/"},{"@type":"ListItem","position":2,"name":"Polityka prywatno\u015bci"}]},{"@type":"WebSite","@id":"https:\/\/bcuplock.pl\/#website","url":"https:\/\/bcuplock.pl\/","name":"Bran\u017cowe Centrum Umiej\u0119tno\u015bci dla bran\u017cy petrochemicznej w P\u0142ocku","description":"BCU P\u0142ock","publisher":{"@id":"https:\/\/bcuplock.pl\/#organization"},"potentialAction":[{"@type":"SearchAction","target":{"@type":"EntryPoint","urlTemplate":"https:\/\/bcuplock.pl\/?s={search_term_string}"},"query-input":{"@type":"PropertyValueSpecification","valueRequired":true,"valueName":"search_term_string"}}],"inLanguage":"pl-PL"},{"@type":"Organization","@id":"https:\/\/bcuplock.pl\/#organization","name":"Bran\u017cowe Centrum Umiej\u0119tno\u015bci dla bran\u017cy petrochemicznej w P\u0142ocku","url":"https:\/\/bcuplock.pl\/","logo":{"@type":"ImageObject","inLanguage":"pl-PL","@id":"https:\/\/bcuplock.pl\/#\/schema\/logo\/image\/","url":"https:\/\/bcuplock.pl\/wp-content\/uploads\/2025\/09\/BCU_logo_v11.png","contentUrl":"https:\/\/bcuplock.pl\/wp-content\/uploads\/2025\/09\/BCU_logo_v11.png","width":2062,"height":769,"caption":"Bran\u017cowe Centrum Umiej\u0119tno\u015bci dla bran\u017cy petrochemicznej w P\u0142ocku"},"image":{"@id":"https:\/\/bcuplock.pl\/#\/schema\/logo\/image\/"}}]}},"_links":{"self":[{"href":"https:\/\/bcuplock.pl\/index.php?rest_route=\/wp\/v2\/pages\/216","targetHints":{"allow":["GET"]}}],"collection":[{"href":"https:\/\/bcuplock.pl\/index.php?rest_route=\/wp\/v2\/pages"}],"about":[{"href":"https:\/\/bcuplock.pl\/index.php?rest_route=\/wp\/v2\/types\/page"}],"author":[{"embeddable":true,"href":"https:\/\/bcuplock.pl\/index.php?rest_route=\/wp\/v2\/users\/1"}],"replies":[{"embeddable":true,"href":"https:\/\/bcuplock.pl\/index.php?rest_route=%2Fwp%2Fv2%2Fcomments&post=216"}],"version-history":[{"count":22,"href":"https:\/\/bcuplock.pl\/index.php?rest_route=\/wp\/v2\/pages\/216\/revisions"}],"predecessor-version":[{"id":288,"href":"https:\/\/bcuplock.pl\/index.php?rest_route=\/wp\/v2\/pages\/216\/revisions\/288"}],"wp:attachment":[{"href":"https:\/\/bcuplock.pl\/index.php?rest_route=%2Fwp%2Fv2%2Fmedia&parent=216"}],"curies":[{"name":"wp","href":"https:\/\/api.w.org\/{rel}","templated":true}]}}